{"id":1260,"date":"2022-12-02T14:23:34","date_gmt":"2022-12-02T13:23:34","guid":{"rendered":"https:\/\/www.multiserass.com\/lavora-con-noi\/"},"modified":"2024-03-22T18:34:37","modified_gmt":"2024-03-22T17:34:37","slug":"nous-rejoindre","status":"publish","type":"page","link":"https:\/\/www.multiserass.com\/fr\/nous-rejoindre\/","title":{"rendered":"Nous rejoindre"},"content":{"rendered":"<div class=\"wpb-content-wrapper\"><p>[vc_row bg_type=\u00a0\u00bbcolor\u00a0\u00bb padding_top_multiplier=\u00a0\u00bb\u00a0\u00bb padding_bottom_multiplier=\u00a0\u00bb\u00a0\u00bb bg_color=\u00a0\u00bb#013a6f\u00a0\u00bb section_id=\u00a0\u00bbrow-title-lavora-con-noi\u00a0\u00bb][vc_column]<div class=\"grve-empty-space grve-tablet-sm-column-hide grve-mobile-column-hide\" style=\"height: 100px;\"><\/div><div class=\"grve-empty-space grve-desktop-column-hide grve-tablet-column-hide\" style=\"height: 50px;\"><\/div><div class=\"grve-element grve-image icon-lavora-con-noi grve-align-center\" style=\"\">  <div class=\"grve-image-wrapper\"><img loading=\"lazy\" decoding=\"async\" width=\"95\" height=\"107\" src=\"https:\/\/www.multiserass.com\/wp-content\/uploads\/2023\/11\/lavora-con-noi-icon.svg\" class=\"attachment-full size-full\" alt=\"\" \/>   <\/div><\/div><div class=\"grve-empty-space grve-tablet-sm-column-hide grve-mobile-column-hide\" style=\"height: 40px;\"><\/div><div class=\"grve-empty-space grve-desktop-column-hide grve-tablet-column-hide\" style=\"height: 30px;\"><\/div>[vc_column_text]<\/p>\n<h1 class=\"text_50_30 weight600 align_center\">NOUS REJOINDRE<\/h1>\n<p>[\/vc_column_text]<div class=\"grve-empty-space\" style=\"height: 10px;\"><\/div>[vc_column_text]<\/p>\n<p class=\"text_23_15 color_EDEDED mobile_color_white weight300 align_center line_height_1_1\">Nous sommes tr\u00e8s fiers d\u2019accueillir au sein de nos \u00e9quipes des personnes \u00e0 la fois comp\u00e9tentes et motiv\u00e9es.<br class=\"\" \/>N\u2019h\u00e9sitez pas \u00e0 s\u00e9lectionner l\u2019offre qui vous int\u00e9resse et \u00e0 nous soumettre votre candidature.<\/p>\n<p>[\/vc_column_text]<div class=\"grve-empty-space grve-tablet-sm-column-hide grve-mobile-column-hide\" style=\"height: 100px;\"><\/div><div class=\"grve-empty-space grve-desktop-column-hide grve-tablet-column-hide\" style=\"height: 50px;\"><\/div>[\/vc_column][\/vc_row][vc_row padding_top_multiplier=\u00a0\u00bb\u00a0\u00bb padding_bottom_multiplier=\u00a0\u00bb\u00a0\u00bb][vc_column]<div class=\"grve-empty-space grve-tablet-sm-column-hide grve-mobile-column-hide\" style=\"height: 65px;\"><\/div><div class=\"grve-empty-space grve-desktop-column-hide grve-tablet-column-hide\" style=\"height: 50px;\"><\/div>[\/vc_column][\/vc_row][vc_row padding_top_multiplier=\u00a0\u00bb\u00a0\u00bb padding_bottom_multiplier=\u00a0\u00bb\u00a0\u00bb el_class=\u00a0\u00bbrow-area-lavoro first\u00a0\u00bb][vc_column][vc_column_text]<\/p>\n<h2 class=\"area-name\">COMPTABILIT\u00c9 ET ADMINISTRATION<\/h2>\n<p>[\/vc_column_text][\/vc_column][\/vc_row][vc_row padding_top_multiplier=\u00a0\u00bb\u00a0\u00bb padding_bottom_multiplier=\u00a0\u00bb\u00a0\u00bb][vc_column][vc_column_text]        <div class=\"lavora-con-noi-posizione\">\n            <div class=\"info\">\n                <h3 class=\"nome\">Employ\u00e9(e) comptabilit\u00e9 et administration<\/h3>\n                <div class=\"posizione\">\n                    <img decoding=\"async\" src=\"\/wp-content\/themes\/movedo-child\/assets_multiserass\/marker-posizione.svg\">\n                    <div>Milan, Italie<\/div>\n                <\/div>\n            <\/div>\n            <div class=\"link\">\n                        <a href=\"\/fr\/nous-rejoindre\/employee-comptabilite-et-administration\/\" >\n            <div class=\"section-scopri-btn fr blu\">\n                <div class=\"back\">\n                <\/div>\n                <div class=\"arrow\">\n                                            <svg viewBox=\"0 0 16.069 12.017\" xmlns=\"http:\/\/www.w3.org\/2000\/svg\">\n                            <g transform=\"matrix(-1, 0, 0, -1, 15.27, 11.584673)\">\n                                <path d=\"M0,0,5.566,5.566,11.133,0\" transform=\"translate(5.566 0) rotate(90)\" fill=\"none\" stroke=\"#013a6f\" stroke-width=\"1\"><\/path>\n                                <path d=\"M0,0V15.27\" transform=\"translate(15.27 5.566) rotate(90)\" fill=\"none\" stroke=\"#013a6f\" stroke-width=\"1\"><\/path>\n                            <\/g>\n                        <\/svg>\n                    \n                <\/div>\n                <div class=\"text\">Description<\/div>\n            <\/div>\n        <\/a>\n                <\/div>\n        <\/div>\n    [\/vc_column_text][\/vc_column][\/vc_row][vc_row padding_top_multiplier=\u00a0\u00bb\u00a0\u00bb padding_bottom_multiplier=\u00a0\u00bb\u00a0\u00bb el_class=\u00a0\u00bbrow-area-lavoro\u00a0\u00bb][vc_column][vc_column_text]<\/p>\n<h2 class=\"area-name\">GESTIONNAIRE SINISTRES<\/h2>\n<p>[\/vc_column_text][\/vc_column][\/vc_row][vc_row padding_top_multiplier=\u00a0\u00bb\u00a0\u00bb padding_bottom_multiplier=\u00a0\u00bb\u00a0\u00bb][vc_column][vc_column_text]        <div class=\"lavora-con-noi-posizione\">\n            <div class=\"info\">\n                <h3 class=\"nome\">Gestionnaire sinistres junior<\/h3>\n                <div class=\"posizione\">\n                    <img decoding=\"async\" src=\"\/wp-content\/themes\/movedo-child\/assets_multiserass\/marker-posizione.svg\">\n                    <div>Tous les sites<\/div>\n                <\/div>\n            <\/div>\n            <div class=\"link\">\n                        <a href=\"\/fr\/nous-rejoindre\/gestionnaire-sinistres-junior\/\" >\n            <div class=\"section-scopri-btn fr blu\">\n                <div class=\"back\">\n                <\/div>\n                <div class=\"arrow\">\n                                            <svg viewBox=\"0 0 16.069 12.017\" xmlns=\"http:\/\/www.w3.org\/2000\/svg\">\n                            <g transform=\"matrix(-1, 0, 0, -1, 15.27, 11.584673)\">\n                                <path d=\"M0,0,5.566,5.566,11.133,0\" transform=\"translate(5.566 0) rotate(90)\" fill=\"none\" stroke=\"#013a6f\" stroke-width=\"1\"><\/path>\n                                <path d=\"M0,0V15.27\" transform=\"translate(15.27 5.566) rotate(90)\" fill=\"none\" stroke=\"#013a6f\" stroke-width=\"1\"><\/path>\n                            <\/g>\n                        <\/svg>\n                    \n                <\/div>\n                <div class=\"text\">Description<\/div>\n            <\/div>\n        <\/a>\n                <\/div>\n        <\/div>\n    [\/vc_column_text][vc_column_text]        <div class=\"lavora-con-noi-separator\"><\/div>\n    [\/vc_column_text][vc_column_text]        <div class=\"lavora-con-noi-posizione\">\n            <div class=\"info\">\n                <h3 class=\"nome\">Gestionnaire sinistres senior<\/h3>\n                <div class=\"posizione\">\n                    <img decoding=\"async\" src=\"\/wp-content\/themes\/movedo-child\/assets_multiserass\/marker-posizione.svg\">\n                    <div>Tous les sites<\/div>\n                <\/div>\n            <\/div>\n            <div class=\"link\">\n                        <a href=\"\/fr\/nous-rejoindre\/gestionnaire-sinistres-senior\/\" >\n            <div class=\"section-scopri-btn fr blu\">\n                <div class=\"back\">\n                <\/div>\n                <div class=\"arrow\">\n                                            <svg viewBox=\"0 0 16.069 12.017\" xmlns=\"http:\/\/www.w3.org\/2000\/svg\">\n                            <g transform=\"matrix(-1, 0, 0, -1, 15.27, 11.584673)\">\n                                <path d=\"M0,0,5.566,5.566,11.133,0\" transform=\"translate(5.566 0) rotate(90)\" fill=\"none\" stroke=\"#013a6f\" stroke-width=\"1\"><\/path>\n                                <path d=\"M0,0V15.27\" transform=\"translate(15.27 5.566) rotate(90)\" fill=\"none\" stroke=\"#013a6f\" stroke-width=\"1\"><\/path>\n                            <\/g>\n                        <\/svg>\n                    \n                <\/div>\n                <div class=\"text\">Description<\/div>\n            <\/div>\n        <\/a>\n                <\/div>\n        <\/div>\n    [\/vc_column_text][\/vc_column][\/vc_row][vc_row padding_top_multiplier=\u00a0\u00bb\u00a0\u00bb padding_bottom_multiplier=\u00a0\u00bb\u00a0\u00bb el_class=\u00a0\u00bbrow-area-lavoro\u00a0\u00bb][vc_column][vc_column_text]<\/p>\n<h2 class=\"area-name\">BACK-OFFICE SINISTRES<\/h2>\n<p>[\/vc_column_text][\/vc_column][\/vc_row][vc_row padding_top_multiplier=\u00a0\u00bb\u00a0\u00bb padding_bottom_multiplier=\u00a0\u00bb\u00a0\u00bb][vc_column][vc_column_text]        <div class=\"lavora-con-noi-posizione\">\n            <div class=\"info\">\n                <h3 class=\"nome\">Employ\u00e9(e) administratif back-office sinistres<\/h3>\n                <div class=\"posizione\">\n                    <img decoding=\"async\" src=\"\/wp-content\/themes\/movedo-child\/assets_multiserass\/marker-posizione.svg\">\n                    <div>Tous les sites<\/div>\n                <\/div>\n            <\/div>\n            <div class=\"link\">\n                        <a href=\"\/fr\/nous-rejoindre\/employee-administratif-back-office-sinistres\" >\n            <div class=\"section-scopri-btn fr blu\">\n                <div class=\"back\">\n                <\/div>\n                <div class=\"arrow\">\n                                            <svg viewBox=\"0 0 16.069 12.017\" xmlns=\"http:\/\/www.w3.org\/2000\/svg\">\n                            <g transform=\"matrix(-1, 0, 0, -1, 15.27, 11.584673)\">\n                                <path d=\"M0,0,5.566,5.566,11.133,0\" transform=\"translate(5.566 0) rotate(90)\" fill=\"none\" stroke=\"#013a6f\" stroke-width=\"1\"><\/path>\n                                <path d=\"M0,0V15.27\" transform=\"translate(15.27 5.566) rotate(90)\" fill=\"none\" stroke=\"#013a6f\" stroke-width=\"1\"><\/path>\n                            <\/g>\n                        <\/svg>\n                    \n                <\/div>\n                <div class=\"text\">Description<\/div>\n            <\/div>\n        <\/a>\n                <\/div>\n        <\/div>\n    [\/vc_column_text][vc_column_text]        <div class=\"lavora-con-noi-separator\"><\/div>\n    [\/vc_column_text][vc_column_text]        <div class=\"lavora-con-noi-posizione\">\n            <div class=\"info\">\n                <h3 class=\"nome\">Stagiaire data entry \/ customer service<\/h3>\n                <div class=\"posizione\">\n                    <img decoding=\"async\" src=\"\/wp-content\/themes\/movedo-child\/assets_multiserass\/marker-posizione.svg\">\n                    <div>Tous les sites<\/div>\n                <\/div>\n            <\/div>\n            <div class=\"link\">\n                        <a href=\"\/fr\/nous-rejoindre\/stagiaire-data-entry-customer-service\" >\n            <div class=\"section-scopri-btn fr blu\">\n                <div class=\"back\">\n                <\/div>\n                <div class=\"arrow\">\n                                            <svg viewBox=\"0 0 16.069 12.017\" xmlns=\"http:\/\/www.w3.org\/2000\/svg\">\n                            <g transform=\"matrix(-1, 0, 0, -1, 15.27, 11.584673)\">\n                                <path d=\"M0,0,5.566,5.566,11.133,0\" transform=\"translate(5.566 0) rotate(90)\" fill=\"none\" stroke=\"#013a6f\" stroke-width=\"1\"><\/path>\n                                <path d=\"M0,0V15.27\" transform=\"translate(15.27 5.566) rotate(90)\" fill=\"none\" stroke=\"#013a6f\" stroke-width=\"1\"><\/path>\n                            <\/g>\n                        <\/svg>\n                    \n                <\/div>\n                <div class=\"text\">Description<\/div>\n            <\/div>\n        <\/a>\n                <\/div>\n        <\/div>\n    [\/vc_column_text][\/vc_column][\/vc_row][vc_row padding_top_multiplier=\u00a0\u00bb\u00a0\u00bb padding_bottom_multiplier=\u00a0\u00bb\u00a0\u00bb el_class=\u00a0\u00bbrow-area-lavoro\u00a0\u00bb][vc_column][vc_column_text]<\/p>\n<h2 class=\"area-name\">OPERATIONS<\/h2>\n<p>[\/vc_column_text][\/vc_column][\/vc_row][vc_row padding_top_multiplier=\u00a0\u00bb\u00a0\u00bb padding_bottom_multiplier=\u00a0\u00bb\u00a0\u00bb][vc_column][vc_column_text]        <div class=\"lavora-con-noi-posizione\">\n            <div class=\"info\">\n                <h3 class=\"nome\">Business Analyst<\/h3>\n                <div class=\"posizione\">\n                    <img decoding=\"async\" src=\"\/wp-content\/themes\/movedo-child\/assets_multiserass\/marker-posizione.svg\">\n                    <div>Milan, Italie<\/div>\n                <\/div>\n            <\/div>\n            <div class=\"link\">\n                        <a href=\"\/fr\/nous-rejoindre\/business-analyst\" >\n            <div class=\"section-scopri-btn fr blu\">\n                <div class=\"back\">\n                <\/div>\n                <div class=\"arrow\">\n                                            <svg viewBox=\"0 0 16.069 12.017\" xmlns=\"http:\/\/www.w3.org\/2000\/svg\">\n                            <g transform=\"matrix(-1, 0, 0, -1, 15.27, 11.584673)\">\n                                <path d=\"M0,0,5.566,5.566,11.133,0\" transform=\"translate(5.566 0) rotate(90)\" fill=\"none\" stroke=\"#013a6f\" stroke-width=\"1\"><\/path>\n                                <path d=\"M0,0V15.27\" transform=\"translate(15.27 5.566) rotate(90)\" fill=\"none\" stroke=\"#013a6f\" stroke-width=\"1\"><\/path>\n                            <\/g>\n                        <\/svg>\n                    \n                <\/div>\n                <div class=\"text\">Description<\/div>\n            <\/div>\n        <\/a>\n                <\/div>\n        <\/div>\n    [\/vc_column_text][vc_column_text]        <div class=\"lavora-con-noi-separator\"><\/div>\n    [\/vc_column_text][vc_column_text]        <div class=\"lavora-con-noi-posizione\">\n            <div class=\"info\">\n                <h3 class=\"nome\">Chef de projets<\/h3>\n                <div class=\"posizione\">\n                    <img decoding=\"async\" src=\"\/wp-content\/themes\/movedo-child\/assets_multiserass\/marker-posizione.svg\">\n                    <div>Milan, Italie<\/div>\n                <\/div>\n            <\/div>\n            <div class=\"link\">\n                        <a href=\"\/fr\/nous-rejoindre\/chef-de-projets\/\" >\n            <div class=\"section-scopri-btn fr blu\">\n                <div class=\"back\">\n                <\/div>\n                <div class=\"arrow\">\n                                            <svg viewBox=\"0 0 16.069 12.017\" xmlns=\"http:\/\/www.w3.org\/2000\/svg\">\n                            <g transform=\"matrix(-1, 0, 0, -1, 15.27, 11.584673)\">\n                                <path d=\"M0,0,5.566,5.566,11.133,0\" transform=\"translate(5.566 0) rotate(90)\" fill=\"none\" stroke=\"#013a6f\" stroke-width=\"1\"><\/path>\n                                <path d=\"M0,0V15.27\" transform=\"translate(15.27 5.566) rotate(90)\" fill=\"none\" stroke=\"#013a6f\" stroke-width=\"1\"><\/path>\n                            <\/g>\n                        <\/svg>\n                    \n                <\/div>\n                <div class=\"text\">Description<\/div>\n            <\/div>\n        <\/a>\n                <\/div>\n        <\/div>\n    [\/vc_column_text][\/vc_column][\/vc_row][vc_row padding_top_multiplier=\u00a0\u00bb\u00a0\u00bb padding_bottom_multiplier=\u00a0\u00bb\u00a0\u00bb][vc_column]<div class=\"grve-empty-space grve-tablet-sm-column-hide grve-mobile-column-hide\" style=\"height: 140px;\"><\/div><div class=\"grve-empty-space grve-desktop-column-hide grve-tablet-column-hide\" style=\"height: 45px;\"><\/div>[\/vc_column][\/vc_row]<\/p>\n<\/div>","protected":false},"excerpt":{"rendered":"<p>[vc_row bg_type=\u00a0\u00bbcolor\u00a0\u00bb padding_top_multiplier=\u00a0\u00bb\u00a0\u00bb padding_bottom_multiplier=\u00a0\u00bb\u00a0\u00bb bg_color=\u00a0\u00bb#013a6f\u00a0\u00bb section_id=\u00a0\u00bbrow-title-lavora-con-noi\u00a0\u00bb][vc_column][vc_column_text] NOUS REJOINDRE [\/vc_column_text][vc_column_text] Nous sommes tr\u00e8s fiers d\u2019accueillir au sein de nos \u00e9quipes des personnes \u00e0 la fois comp\u00e9tentes et motiv\u00e9es.N\u2019h\u00e9sitez pas \u00e0 s\u00e9lectionner l\u2019offre qui vous int\u00e9resse et \u00e0 nous soumettre votre candidature. [\/vc_column_text][\/vc_column][\/vc_row][vc_row padding_top_multiplier=\u00a0\u00bb\u00a0\u00bb padding_bottom_multiplier=\u00a0\u00bb\u00a0\u00bb][vc_column][\/vc_column][\/vc_row][vc_row padding_top_multiplier=\u00a0\u00bb\u00a0\u00bb padding_bottom_multiplier=\u00a0\u00bb\u00a0\u00bb el_class=\u00a0\u00bbrow-area-lavoro first\u00a0\u00bb][vc_column][vc_column_text] COMPTABILIT\u00c9 ET ADMINISTRATION [\/vc_column_text][\/vc_column][\/vc_row][vc_row padding_top_multiplier=\u00a0\u00bb\u00a0\u00bb padding_bottom_multiplier=\u00a0\u00bb\u00a0\u00bb][vc_column][vc_column_text][\/vc_column_text][\/vc_column][\/vc_row][vc_row padding_top_multiplier=\u00a0\u00bb\u00a0\u00bb padding_bottom_multiplier=\u00a0\u00bb\u00a0\u00bb [&hellip;]<\/p>\n","protected":false},"author":1,"featured_media":0,"parent":0,"menu_order":0,"comment_status":"closed","ping_status":"closed","template":"","meta":{"_acf_changed":false,"inline_featured_image":false,"_monsterinsights_skip_tracking":false,"_monsterinsights_sitenote_active":false,"_monsterinsights_sitenote_note":"","_monsterinsights_sitenote_category":0,"footnotes":""},"class_list":["post-1260","page","type-page","status-publish","hentry"],"acf":[],"yoast_head":"<!-- This site is optimized with the Yoast SEO plugin v27.4 - https:\/\/yoast.com\/product\/yoast-seo-wordpress\/ -->\n<title>Nous rejoindre - Multiserass<\/title>\n<meta name=\"robots\" content=\"index, follow, max-snippet:-1, max-image-preview:large, max-video-preview:-1\" \/>\n<link rel=\"canonical\" href=\"https:\/\/www.multiserass.com\/fr\/nous-rejoindre\/\" \/>\n<meta property=\"og:locale\" content=\"fr_FR\" \/>\n<meta property=\"og:type\" content=\"article\" \/>\n<meta property=\"og:title\" content=\"Nous rejoindre - Multiserass\" \/>\n<meta property=\"og:description\" content=\"[vc_row bg_type=\u00a0\u00bbcolor\u00a0\u00bb padding_top_multiplier=\u00a0\u00bb\u00a0\u00bb padding_bottom_multiplier=\u00a0\u00bb\u00a0\u00bb bg_color=\u00a0\u00bb#013a6f\u00a0\u00bb section_id=\u00a0\u00bbrow-title-lavora-con-noi\u00a0\u00bb][vc_column][vc_column_text] NOUS REJOINDRE [\/vc_column_text][vc_column_text] Nous sommes tr\u00e8s fiers d\u2019accueillir au sein de nos \u00e9quipes des personnes \u00e0 la fois comp\u00e9tentes et motiv\u00e9es.N\u2019h\u00e9sitez pas \u00e0 s\u00e9lectionner l\u2019offre qui vous int\u00e9resse et \u00e0 nous soumettre votre candidature. [\/vc_column_text][\/vc_column][\/vc_row][vc_row padding_top_multiplier=\u00a0\u00bb\u00a0\u00bb padding_bottom_multiplier=\u00a0\u00bb\u00a0\u00bb][vc_column][\/vc_column][\/vc_row][vc_row padding_top_multiplier=\u00a0\u00bb\u00a0\u00bb padding_bottom_multiplier=\u00a0\u00bb\u00a0\u00bb el_class=\u00a0\u00bbrow-area-lavoro first\u00a0\u00bb][vc_column][vc_column_text] COMPTABILIT\u00c9 ET ADMINISTRATION [\/vc_column_text][\/vc_column][\/vc_row][vc_row padding_top_multiplier=\u00a0\u00bb\u00a0\u00bb padding_bottom_multiplier=\u00a0\u00bb\u00a0\u00bb][vc_column][vc_column_text][\/vc_column_text][\/vc_column][\/vc_row][vc_row padding_top_multiplier=\u00a0\u00bb\u00a0\u00bb padding_bottom_multiplier=\u00a0\u00bb\u00a0\u00bb [&hellip;]\" \/>\n<meta property=\"og:url\" content=\"https:\/\/www.multiserass.com\/fr\/nous-rejoindre\/\" \/>\n<meta property=\"og:site_name\" content=\"Multiserass\" \/>\n<meta property=\"article:modified_time\" content=\"2024-03-22T17:34:37+00:00\" \/>\n<meta name=\"twitter:card\" content=\"summary_large_image\" \/>\n<meta name=\"twitter:label1\" content=\"Dur\u00e9e de lecture estim\u00e9e\" \/>\n\t<meta name=\"twitter:data1\" content=\"2 minutes\" \/>\n<script type=\"application\/ld+json\" class=\"yoast-schema-graph\">{\"@context\":\"https:\\\/\\\/schema.org\",\"@graph\":[{\"@type\":\"WebPage\",\"@id\":\"https:\\\/\\\/www.multiserass.com\\\/fr\\\/nous-rejoindre\\\/\",\"url\":\"https:\\\/\\\/www.multiserass.com\\\/fr\\\/nous-rejoindre\\\/\",\"name\":\"Nous rejoindre - Multiserass\",\"isPartOf\":{\"@id\":\"https:\\\/\\\/www.multiserass.com\\\/fr\\\/#website\"},\"datePublished\":\"2022-12-02T13:23:34+00:00\",\"dateModified\":\"2024-03-22T17:34:37+00:00\",\"breadcrumb\":{\"@id\":\"https:\\\/\\\/www.multiserass.com\\\/fr\\\/nous-rejoindre\\\/#breadcrumb\"},\"inLanguage\":\"fr-FR\",\"potentialAction\":[{\"@type\":\"ReadAction\",\"target\":[\"https:\\\/\\\/www.multiserass.com\\\/fr\\\/nous-rejoindre\\\/\"]}]},{\"@type\":\"BreadcrumbList\",\"@id\":\"https:\\\/\\\/www.multiserass.com\\\/fr\\\/nous-rejoindre\\\/#breadcrumb\",\"itemListElement\":[{\"@type\":\"ListItem\",\"position\":1,\"name\":\"Home\",\"item\":\"https:\\\/\\\/www.multiserass.com\\\/fr\\\/\"},{\"@type\":\"ListItem\",\"position\":2,\"name\":\"Nous rejoindre\"}]},{\"@type\":\"WebSite\",\"@id\":\"https:\\\/\\\/www.multiserass.com\\\/fr\\\/#website\",\"url\":\"https:\\\/\\\/www.multiserass.com\\\/fr\\\/\",\"name\":\"Multiserass\",\"description\":\"\",\"potentialAction\":[{\"@type\":\"SearchAction\",\"target\":{\"@type\":\"EntryPoint\",\"urlTemplate\":\"https:\\\/\\\/www.multiserass.com\\\/fr\\\/?s={search_term_string}\"},\"query-input\":{\"@type\":\"PropertyValueSpecification\",\"valueRequired\":true,\"valueName\":\"search_term_string\"}}],\"inLanguage\":\"fr-FR\"}]}<\/script>\n<!-- \/ Yoast SEO plugin. -->","yoast_head_json":{"title":"Nous rejoindre - Multiserass","robots":{"index":"index","follow":"follow","max-snippet":"max-snippet:-1","max-image-preview":"max-image-preview:large","max-video-preview":"max-video-preview:-1"},"canonical":"https:\/\/www.multiserass.com\/fr\/nous-rejoindre\/","og_locale":"fr_FR","og_type":"article","og_title":"Nous rejoindre - Multiserass","og_description":"[vc_row bg_type=\u00a0\u00bbcolor\u00a0\u00bb padding_top_multiplier=\u00a0\u00bb\u00a0\u00bb padding_bottom_multiplier=\u00a0\u00bb\u00a0\u00bb bg_color=\u00a0\u00bb#013a6f\u00a0\u00bb section_id=\u00a0\u00bbrow-title-lavora-con-noi\u00a0\u00bb][vc_column][vc_column_text] NOUS REJOINDRE [\/vc_column_text][vc_column_text] Nous sommes tr\u00e8s fiers d\u2019accueillir au sein de nos \u00e9quipes des personnes \u00e0 la fois comp\u00e9tentes et motiv\u00e9es.N\u2019h\u00e9sitez pas \u00e0 s\u00e9lectionner l\u2019offre qui vous int\u00e9resse et \u00e0 nous soumettre votre candidature. [\/vc_column_text][\/vc_column][\/vc_row][vc_row padding_top_multiplier=\u00a0\u00bb\u00a0\u00bb padding_bottom_multiplier=\u00a0\u00bb\u00a0\u00bb][vc_column][\/vc_column][\/vc_row][vc_row padding_top_multiplier=\u00a0\u00bb\u00a0\u00bb padding_bottom_multiplier=\u00a0\u00bb\u00a0\u00bb el_class=\u00a0\u00bbrow-area-lavoro first\u00a0\u00bb][vc_column][vc_column_text] COMPTABILIT\u00c9 ET ADMINISTRATION [\/vc_column_text][\/vc_column][\/vc_row][vc_row padding_top_multiplier=\u00a0\u00bb\u00a0\u00bb padding_bottom_multiplier=\u00a0\u00bb\u00a0\u00bb][vc_column][vc_column_text][\/vc_column_text][\/vc_column][\/vc_row][vc_row padding_top_multiplier=\u00a0\u00bb\u00a0\u00bb padding_bottom_multiplier=\u00a0\u00bb\u00a0\u00bb [&hellip;]","og_url":"https:\/\/www.multiserass.com\/fr\/nous-rejoindre\/","og_site_name":"Multiserass","article_modified_time":"2024-03-22T17:34:37+00:00","twitter_card":"summary_large_image","twitter_misc":{"Dur\u00e9e de lecture estim\u00e9e":"2 minutes"},"schema":{"@context":"https:\/\/schema.org","@graph":[{"@type":"WebPage","@id":"https:\/\/www.multiserass.com\/fr\/nous-rejoindre\/","url":"https:\/\/www.multiserass.com\/fr\/nous-rejoindre\/","name":"Nous rejoindre - Multiserass","isPartOf":{"@id":"https:\/\/www.multiserass.com\/fr\/#website"},"datePublished":"2022-12-02T13:23:34+00:00","dateModified":"2024-03-22T17:34:37+00:00","breadcrumb":{"@id":"https:\/\/www.multiserass.com\/fr\/nous-rejoindre\/#breadcrumb"},"inLanguage":"fr-FR","potentialAction":[{"@type":"ReadAction","target":["https:\/\/www.multiserass.com\/fr\/nous-rejoindre\/"]}]},{"@type":"BreadcrumbList","@id":"https:\/\/www.multiserass.com\/fr\/nous-rejoindre\/#breadcrumb","itemListElement":[{"@type":"ListItem","position":1,"name":"Home","item":"https:\/\/www.multiserass.com\/fr\/"},{"@type":"ListItem","position":2,"name":"Nous rejoindre"}]},{"@type":"WebSite","@id":"https:\/\/www.multiserass.com\/fr\/#website","url":"https:\/\/www.multiserass.com\/fr\/","name":"Multiserass","description":"","potentialAction":[{"@type":"SearchAction","target":{"@type":"EntryPoint","urlTemplate":"https:\/\/www.multiserass.com\/fr\/?s={search_term_string}"},"query-input":{"@type":"PropertyValueSpecification","valueRequired":true,"valueName":"search_term_string"}}],"inLanguage":"fr-FR"}]}},"_links":{"self":[{"href":"https:\/\/www.multiserass.com\/fr\/wp-json\/wp\/v2\/pages\/1260","targetHints":{"allow":["GET"]}}],"collection":[{"href":"https:\/\/www.multiserass.com\/fr\/wp-json\/wp\/v2\/pages"}],"about":[{"href":"https:\/\/www.multiserass.com\/fr\/wp-json\/wp\/v2\/types\/page"}],"author":[{"embeddable":true,"href":"https:\/\/www.multiserass.com\/fr\/wp-json\/wp\/v2\/users\/1"}],"replies":[{"embeddable":true,"href":"https:\/\/www.multiserass.com\/fr\/wp-json\/wp\/v2\/comments?post=1260"}],"version-history":[{"count":5,"href":"https:\/\/www.multiserass.com\/fr\/wp-json\/wp\/v2\/pages\/1260\/revisions"}],"predecessor-version":[{"id":1521,"href":"https:\/\/www.multiserass.com\/fr\/wp-json\/wp\/v2\/pages\/1260\/revisions\/1521"}],"wp:attachment":[{"href":"https:\/\/www.multiserass.com\/fr\/wp-json\/wp\/v2\/media?parent=1260"}],"curies":[{"name":"wp","href":"https:\/\/api.w.org\/{rel}","templated":true}]}}