{"id":1254,"date":"2023-01-18T16:41:58","date_gmt":"2023-01-18T15:41:58","guid":{"rendered":"https:\/\/www.multiserass.com\/il-gruppo\/"},"modified":"2024-03-22T11:20:08","modified_gmt":"2024-03-22T10:20:08","slug":"le-groupe","status":"publish","type":"page","link":"https:\/\/www.multiserass.com\/fr\/le-groupe\/","title":{"rendered":"Le Groupe"},"content":{"rendered":"<div class=\"wpb-content-wrapper\"><p>[vc_row padding_top_multiplier=\u00a0\u00bb\u00a0\u00bb padding_bottom_multiplier=\u00a0\u00bb\u00a0\u00bb][vc_column]<div class=\"grve-empty-space grve-tablet-sm-column-hide grve-mobile-column-hide\" style=\"height: 100px;\"><\/div><div class=\"grve-empty-space grve-desktop-column-hide grve-tablet-column-hide\" style=\"height: 50px;\"><\/div><div class=\"grve-element grve-image il-gruppo-icon-img grve-align-center\" style=\"\">  <div class=\"grve-image-wrapper\"><img loading=\"lazy\" decoding=\"async\" width=\"124\" height=\"124\" src=\"https:\/\/www.multiserass.com\/wp-content\/uploads\/2023\/11\/il_gruppo-icon.svg\" class=\"attachment-full size-full\" alt=\"\" \/>   <\/div><\/div><div class=\"grve-empty-space\" style=\"height: 30px;\"><\/div>[vc_column_text]<\/p>\n<h1 class=\"text_60_30 color_013A6F weight600 align_center\">LE GROUPE<\/h1>\n<p>[\/vc_column_text]<div class=\"grve-empty-space\" style=\"height: 10px;\"><\/div>[vc_column_text]<\/p>\n<p class=\"text_25_15 color_013A6F weight500 align_center line_height_1_1\">INNOVATION ET COMP\u00c9TENCES SP\u00c9CIALIS\u00c9ES AU SERVICE DE L\u2019EXTERNALISATION DE LA GESTION DES SINISTRES<\/p>\n<p>[\/vc_column_text]<div class=\"grve-empty-space grve-tablet-sm-column-hide grve-mobile-column-hide\" style=\"height: 20px;\"><\/div><div class=\"grve-empty-space grve-desktop-column-hide grve-tablet-column-hide\" style=\"height: 10px;\"><\/div>[vc_column_text]<\/p>\n<p class=\"text_25_15 color_3B3B3B weight200 align_center line_height_1_1 gruppo-title-text\">MSA-Multi Serass voit son leadership \u00e9largi et renforc\u00e9 gr\u00e2ce \u00e0 son appartenance au <span class=\"weight500 color_013A6F\">groupe MSA Mizar<\/span>, qui est \u00e0 m\u00eame d\u2019apporter, \u00e0 travers ses filiales, une r\u00e9ponse adapt\u00e9e \u00e0 chaque \u00e9tape du processus d\u2019externalisation de la gestion des sinistres.<\/p>\n<p>[\/vc_column_text]<div class=\"grve-empty-space\" style=\"height: 20px;\"><\/div>[vc_column_text]        <a href=\"https:\/\/www.msamizar.com\/\" target=\"_blank\">\n            <div class=\"section-scopri-btn fr blu gruppo-mizar mobile-xl\">\n                <div class=\"back\">\n                <\/div>\n                <div class=\"arrow\">\n                                            <svg viewBox=\"0 0 14.854 11.188\" xmlns=\"http:\/\/www.w3.org\/2000\/svg\">\n                            <g transform=\"matrix(-0.866025, 0.5, -0.5, -0.866025, 16.630354, 7.666324)\">\n                                <path d=\"M0,0,5.566,5.566,11.133,0\" transform=\"translate(5.566 0) rotate(90)\" fill=\"none\" stroke=\"#013a6f\" stroke-width=\"1\"><\/path>\n                                <path d=\"M0,0V15.27\" transform=\"translate(15.27 5.566) rotate(90)\" fill=\"none\" stroke=\"#013a6f\" stroke-width=\"1\"><\/path>\n                            <\/g>\n                        <\/svg>\n                    \n                <\/div>\n                <div class=\"text\">Visitez le site du Groupe<\/div>\n            <\/div>\n        <\/a>\n    [\/vc_column_text]<div class=\"grve-empty-space grve-tablet-sm-column-hide grve-mobile-column-hide\" style=\"height: 95px;\"><\/div><div class=\"grve-empty-space grve-desktop-column-hide grve-tablet-column-hide\" style=\"height: 50px;\"><\/div>[\/vc_column][\/vc_row][vc_row bg_type=\u00a0\u00bbcolor\u00a0\u00bb padding_top_multiplier=\u00a0\u00bb\u00a0\u00bb padding_bottom_multiplier=\u00a0\u00bb\u00a0\u00bb bg_color=\u00a0\u00bb#ffffff\u00a0\u00bb][vc_column][vc_column_text]        <div class=\"gruppo-societa desktop\">\n            <div class=\"owl-carousel\">\n                <div class=\"item\">\n                    <img decoding=\"async\" src=\"\/wp-content\/themes\/movedo-child\/assets_multiserass\/gruppo_societa_1.jpg\" srcset=\"\/wp-content\/themes\/movedo-child\/assets_multiserass\/gruppo_societa_1.jpg 1x, \/wp-content\/themes\/movedo-child\/assets_multiserass\/gruppo_societa_1@2x.jpg 2x\">\n                <\/div>\n                <div class=\"item\">\n                    <img decoding=\"async\" src=\"\/wp-content\/themes\/movedo-child\/assets_multiserass\/gruppo_societa_2.jpg\" srcset=\"\/wp-content\/themes\/movedo-child\/assets_multiserass\/gruppo_societa_2.jpg 1x, \/wp-content\/themes\/movedo-child\/assets_multiserass\/gruppo_societa_2@2x.jpg 2x\">\n                <\/div>\n                <div class=\"item\">\n                    <img decoding=\"async\" src=\"\/wp-content\/themes\/movedo-child\/assets_multiserass\/gruppo_societa_3.jpg\" srcset=\"\/wp-content\/themes\/movedo-child\/assets_multiserass\/gruppo_societa_3.jpg 1x, \/wp-content\/themes\/movedo-child\/assets_multiserass\/gruppo_societa_3@2x.jpg 2x\">\n                <\/div>\n                <div class=\"item\">\n                    <img decoding=\"async\" src=\"\/wp-content\/themes\/movedo-child\/assets_multiserass\/gruppo_societa_4.jpg\" srcset=\"\/wp-content\/themes\/movedo-child\/assets_multiserass\/gruppo_societa_4.jpg 1x, \/wp-content\/themes\/movedo-child\/assets_multiserass\/gruppo_societa_4@2x.jpg 2x\">\n                <\/div>\n                <div class=\"item\">\n                    <img decoding=\"async\" src=\"\/wp-content\/themes\/movedo-child\/assets_multiserass\/gruppo_societa_5.jpg\" srcset=\"\/wp-content\/themes\/movedo-child\/assets_multiserass\/gruppo_societa_5.jpg 1x, \/wp-content\/themes\/movedo-child\/assets_multiserass\/gruppo_societa_5@2x.jpg 2x\">\n                <\/div>\n                <div class=\"item\">\n                    <img decoding=\"async\" src=\"\/wp-content\/themes\/movedo-child\/assets_multiserass\/gruppo_societa_5.jpg\" srcset=\"\/wp-content\/themes\/movedo-child\/assets_multiserass\/gruppo_societa_6.jpg 1x, \/wp-content\/themes\/movedo-child\/assets_multiserass\/gruppo_societa_6@2x.jpg 2x\">\n                <\/div>\n            <\/div>\n\n            <div class=\"gruppo-societa-controls-text\">\n                <div class=\"gruppo-societa-controls\">\n                        <div class=\"carousel-controls left blue\">\n        <div class=\"left\">\n            <svg viewBox=\"0 0 30 28\" xmlns=\"http:\/\/www.w3.org\/2000\/svg\">\n                <line style=\"fill: white; stroke: white; stroke-width: 1px;\" x1=\"1.754\" y1=\"13.955\" x2=\"29.754\" y2=\"13.955\"><\/line>\n                <polyline style=\"fill: rgba(216, 216, 216, 0); stroke: white; stroke-width: 1px;\" points=\"14.759 1.078 1.77 13.994 14.707 26.946\"><\/polyline>\n            <\/svg>\n        <\/div>\n    <\/div>\n                        <div class=\"carousel-controls right blue\">\n        <div class=\"right\">\n            <svg viewBox=\"0 0 30 28\" xmlns=\"http:\/\/www.w3.org\/2000\/svg\">\n                <line style=\"fill: white; stroke: white; stroke-width: 1px;\" x1=\"1.754\" y1=\"13.955\" x2=\"29.754\" y2=\"13.955\"><\/line>\n                <polyline style=\"fill: rgba(216, 216, 216, 0); stroke: white; stroke-width: 1px;\" points=\"14.759 1.078 1.77 13.994 14.707 26.946\"><\/polyline>\n            <\/svg>\n        <\/div>\n    <\/div>\n                        <div class=\"carousel-index desktop\">\n        <p>\n            <span class='index index-2'>2<\/span><span class='index index-3'>3<\/span><span class='index index-4'>4<\/span><span class='index index-5'>5<\/span><span class='index index-6'>6<\/span><span class='index index-1'>1<\/span> \/6        <\/p>\n    <\/div>\n                <\/div>\n                <div class=\"gruppo-societa-text grve-mobile-column-hide\">\n                    <div rgb-copy-to=\"#gruppo-splide-desc-1\">\n                        <p class=\"text_45px color_2F6AF3 weight700 nomargin\">Accl\u00e0ims<\/p>\n                        <div class=\"grve-empty-space\" style=\"height: 10px;\"><\/div>\n                        <p class=\"text_25px line_height_1_2 color_5C5C5C weight500 nomargin\">Soci\u00e9t\u00e9 sp\u00e9cialis\u00e9e dans la gestion des recours, les services de back-office (ouverture des sinistres, call back, etc.) et les audits techniques.<\/p>\n                    <\/div>\n                    <div rgb-copy-to=\"#gruppo-splide-desc-2\">\n                        <p class=\"text_45px color_AECD47 weight700 nomargin\">Network 4 Claims<\/p>\n                        <div class=\"grve-empty-space\" style=\"height: 10px;\"><\/div>\n                        <p class=\"text_25px line_height_1_2 color_5C5C5C weight500 nomargin\">\u00c0 la t\u00eate d\u2019un r\u00e9seau de prestataires (m\u00e9decins, experts, enqu\u00eateurs, etc.), elle mise sur la centralisation des processus et le recours \u00e0 une plateforme informatique sp\u00e9cialis\u00e9e (Portal) capable de syst\u00e9matiser les flux de travail.<\/p>\n                    <\/div>\n                    <div rgb-copy-to=\"#gruppo-splide-desc-3\">\n                        <p class=\"text_45px color_433783 weight700 nomargin\">RipArte<\/p>\n                        <div class=\"grve-empty-space\" style=\"height: 10px;\"><\/div>\n                        <p class=\"text_25px line_height_1_2 color_5C5C5C weight500 nomargin\">\u00c0 la t\u00eate d\u2019un large r\u00e9seau de carrosseries agr\u00e9\u00e9es et interconnect\u00e9es via une centrale et un logiciel propri\u00e9taire sp\u00e9cialis\u00e9 (RiPortal), elle devient ainsi un partenaire strat\u00e9gique au service des compagnies d\u2019assurance, des flottes et des ateliers de carrosserie.<\/p>\n                    <\/div>\n                    <div rgb-copy-to=\"#gruppo-splide-desc-4\">\n                        <p class=\"text_45px color_0F5679 weight700 nomargin\">Dottor Grandine<\/p>\n                        <div class=\"grve-empty-space\" style=\"height: 10px;\"><\/div>\n                        <p class=\"text_25px line_height_1_2 color_5C5C5C weight500 nomargin\">Soci\u00e9t\u00e9 sp\u00e9cialis\u00e9e dans les services de r\u00e9paration des voitures apr\u00e8s un \u00e9pisode de gr\u00eale, \u00e0 travers un r\u00e9seau de plus de 700 centres agr\u00e9\u00e9s.<\/p>\n                    <\/div>\n                    <div rgb-copy-to=\"#gruppo-splide-desc-5\">\n                        <p class=\"text_45px color_F8CD41 weight700 nomargin\">Legalade<\/p>\n                        <div class=\"grve-empty-space\" style=\"height: 10px;\"><\/div>\n                        <p class=\"text_25px line_height_1_2 color_5C5C5C weight500 nomargin\">Il s\u2019agit d\u2019un cabinet d\u2019avocats qui prend en charge les contentieux pour le compte des compagnies gr\u00e2ce \u00e0 un mod\u00e8le centralis\u00e9 innovant, couvrant l\u2019ensemble du territoire national.<\/p>\n                    <\/div>\n                    <div rgb-copy-to=\"#gruppo-splide-desc-6\">\n                        <p class=\"text_45px color_0337D7 weight700 nomargin\">Mizar Tech<\/p>\n                        <div class=\"grve-empty-space\" style=\"height: 10px;\"><\/div>\n                        <p class=\"text_25px line_height_1_2 color_5C5C5C weight500 nomargin\">Hub technologique du groupe. Il d\u00e9veloppe des solutions informatiques avanc\u00e9es pour la fourniture de services hautement innovants, aussi bien dans le p\u00e9rim\u00e8tre d\u2019intervention du groupe que pour d\u2019autres secteurs.<\/p>\n                    <\/div>\n                <\/div>\n            <\/div>\n        <\/div>\n\n        \n        <div class=\"gruppo-societa mobile\">\n            <section class=\"splide\" aria-label=\"il gruppo\">\n                <ul class=\"splide__pagination\"><\/ul>\n\n                <div class=\"splide__track\">\n                    <ul class=\"splide__list\">\n                        <li class=\"splide__slide\">\n                            <img decoding=\"async\" src=\"\/wp-content\/themes\/movedo-child\/assets_multiserass\/gruppo_societa_mobile_1.jpg\">\n                            <div class=\"gruppo-splide-desc\" id=\"gruppo-splide-desc-1\"><\/div>\n                        <\/li>    \n                        <li class=\"splide__slide\">\n                            <img decoding=\"async\" src=\"\/wp-content\/themes\/movedo-child\/assets_multiserass\/gruppo_societa_mobile_2.jpg\">\n                            <div class=\"gruppo-splide-desc\" id=\"gruppo-splide-desc-2\"><\/div>\n                        <\/li>   \n                        <li class=\"splide__slide\">\n                            <img decoding=\"async\" src=\"\/wp-content\/themes\/movedo-child\/assets_multiserass\/gruppo_societa_mobile_3.jpg\">\n                            <div class=\"gruppo-splide-desc\" id=\"gruppo-splide-desc-3\"><\/div>\n                        <\/li>   \n                        <li class=\"splide__slide\">\n                            <img decoding=\"async\" src=\"\/wp-content\/themes\/movedo-child\/assets_multiserass\/gruppo_societa_mobile_4.jpg\">\n                            <div class=\"gruppo-splide-desc\" id=\"gruppo-splide-desc-4\"><\/div>\n                        <\/li>   \n                        <li class=\"splide__slide\">\n                            <img decoding=\"async\" src=\"\/wp-content\/themes\/movedo-child\/assets_multiserass\/gruppo_societa_mobile_5.jpg\">\n                            <div class=\"gruppo-splide-desc\" id=\"gruppo-splide-desc-5\"><\/div>\n                        <\/li>   \n                        <li class=\"splide__slide\">\n                            <img decoding=\"async\" src=\"\/wp-content\/themes\/movedo-child\/assets_multiserass\/gruppo_societa_mobile_6.jpg\">\n                            <div class=\"gruppo-splide-desc\" id=\"gruppo-splide-desc-6\"><\/div>\n                        <\/li>                       \n                    <\/ul>\n                <\/div>\n            <\/section>\n        <\/div>\n    [\/vc_column_text][\/vc_column][\/vc_row][vc_row bg_type=\u00a0\u00bbcolor\u00a0\u00bb padding_top_multiplier=\u00a0\u00bb\u00a0\u00bb padding_bottom_multiplier=\u00a0\u00bb\u00a0\u00bb bg_color=\u00a0\u00bb#ffffff\u00a0\u00bb][vc_column]<div class=\"grve-empty-space grve-tablet-sm-column-hide grve-mobile-column-hide\" style=\"height: 150px;\"><\/div><div class=\"grve-empty-space grve-desktop-column-hide grve-tablet-column-hide\" style=\"height: 70px;\"><\/div>[\/vc_column][\/vc_row]<\/p>\n<\/div>","protected":false},"excerpt":{"rendered":"<p>[vc_row padding_top_multiplier=\u00a0\u00bb\u00a0\u00bb padding_bottom_multiplier=\u00a0\u00bb\u00a0\u00bb][vc_column][vc_column_text] LE GROUPE [\/vc_column_text][vc_column_text] INNOVATION ET COMP\u00c9TENCES SP\u00c9CIALIS\u00c9ES AU SERVICE DE L\u2019EXTERNALISATION DE LA GESTION DES SINISTRES [\/vc_column_text][vc_column_text] MSA-Multi Serass voit son leadership \u00e9largi et renforc\u00e9 gr\u00e2ce \u00e0 son appartenance au groupe MSA Mizar, qui est \u00e0 m\u00eame d\u2019apporter, \u00e0 travers ses filiales, une r\u00e9ponse adapt\u00e9e \u00e0 chaque \u00e9tape du processus d\u2019externalisation de [&hellip;]<\/p>\n","protected":false},"author":1,"featured_media":0,"parent":0,"menu_order":0,"comment_status":"closed","ping_status":"closed","template":"","meta":{"_acf_changed":false,"inline_featured_image":false,"_monsterinsights_skip_tracking":false,"_monsterinsights_sitenote_active":false,"_monsterinsights_sitenote_note":"","_monsterinsights_sitenote_category":0,"footnotes":""},"class_list":["post-1254","page","type-page","status-publish","hentry"],"acf":[],"yoast_head":"<!-- This site is optimized with the Yoast SEO plugin v27.4 - https:\/\/yoast.com\/product\/yoast-seo-wordpress\/ -->\n<title>Le Groupe - Multiserass<\/title>\n<meta name=\"robots\" content=\"index, follow, max-snippet:-1, max-image-preview:large, max-video-preview:-1\" \/>\n<link rel=\"canonical\" href=\"https:\/\/www.multiserass.com\/fr\/le-groupe\/\" \/>\n<meta property=\"og:locale\" content=\"fr_FR\" \/>\n<meta property=\"og:type\" content=\"article\" \/>\n<meta property=\"og:title\" content=\"Le Groupe - Multiserass\" \/>\n<meta property=\"og:description\" content=\"[vc_row padding_top_multiplier=\u00a0\u00bb\u00a0\u00bb padding_bottom_multiplier=\u00a0\u00bb\u00a0\u00bb][vc_column][vc_column_text] LE GROUPE [\/vc_column_text][vc_column_text] INNOVATION ET COMP\u00c9TENCES SP\u00c9CIALIS\u00c9ES AU SERVICE DE L\u2019EXTERNALISATION DE LA GESTION DES SINISTRES [\/vc_column_text][vc_column_text] MSA-Multi Serass voit son leadership \u00e9largi et renforc\u00e9 gr\u00e2ce \u00e0 son appartenance au groupe MSA Mizar, qui est \u00e0 m\u00eame d\u2019apporter, \u00e0 travers ses filiales, une r\u00e9ponse adapt\u00e9e \u00e0 chaque \u00e9tape du processus d\u2019externalisation de [&hellip;]\" \/>\n<meta property=\"og:url\" content=\"https:\/\/www.multiserass.com\/fr\/le-groupe\/\" \/>\n<meta property=\"og:site_name\" content=\"Multiserass\" \/>\n<meta property=\"article:modified_time\" content=\"2024-03-22T10:20:08+00:00\" \/>\n<meta name=\"twitter:card\" content=\"summary_large_image\" \/>\n<meta name=\"twitter:label1\" content=\"Dur\u00e9e de lecture estim\u00e9e\" \/>\n\t<meta name=\"twitter:data1\" content=\"1 minute\" \/>\n<script type=\"application\/ld+json\" class=\"yoast-schema-graph\">{\"@context\":\"https:\\\/\\\/schema.org\",\"@graph\":[{\"@type\":\"WebPage\",\"@id\":\"https:\\\/\\\/www.multiserass.com\\\/fr\\\/le-groupe\\\/\",\"url\":\"https:\\\/\\\/www.multiserass.com\\\/fr\\\/le-groupe\\\/\",\"name\":\"Le Groupe - Multiserass\",\"isPartOf\":{\"@id\":\"https:\\\/\\\/www.multiserass.com\\\/fr\\\/#website\"},\"datePublished\":\"2023-01-18T15:41:58+00:00\",\"dateModified\":\"2024-03-22T10:20:08+00:00\",\"breadcrumb\":{\"@id\":\"https:\\\/\\\/www.multiserass.com\\\/fr\\\/le-groupe\\\/#breadcrumb\"},\"inLanguage\":\"fr-FR\",\"potentialAction\":[{\"@type\":\"ReadAction\",\"target\":[\"https:\\\/\\\/www.multiserass.com\\\/fr\\\/le-groupe\\\/\"]}]},{\"@type\":\"BreadcrumbList\",\"@id\":\"https:\\\/\\\/www.multiserass.com\\\/fr\\\/le-groupe\\\/#breadcrumb\",\"itemListElement\":[{\"@type\":\"ListItem\",\"position\":1,\"name\":\"Home\",\"item\":\"https:\\\/\\\/www.multiserass.com\\\/fr\\\/\"},{\"@type\":\"ListItem\",\"position\":2,\"name\":\"Le Groupe\"}]},{\"@type\":\"WebSite\",\"@id\":\"https:\\\/\\\/www.multiserass.com\\\/fr\\\/#website\",\"url\":\"https:\\\/\\\/www.multiserass.com\\\/fr\\\/\",\"name\":\"Multiserass\",\"description\":\"\",\"potentialAction\":[{\"@type\":\"SearchAction\",\"target\":{\"@type\":\"EntryPoint\",\"urlTemplate\":\"https:\\\/\\\/www.multiserass.com\\\/fr\\\/?s={search_term_string}\"},\"query-input\":{\"@type\":\"PropertyValueSpecification\",\"valueRequired\":true,\"valueName\":\"search_term_string\"}}],\"inLanguage\":\"fr-FR\"}]}<\/script>\n<!-- \/ Yoast SEO plugin. -->","yoast_head_json":{"title":"Le Groupe - Multiserass","robots":{"index":"index","follow":"follow","max-snippet":"max-snippet:-1","max-image-preview":"max-image-preview:large","max-video-preview":"max-video-preview:-1"},"canonical":"https:\/\/www.multiserass.com\/fr\/le-groupe\/","og_locale":"fr_FR","og_type":"article","og_title":"Le Groupe - Multiserass","og_description":"[vc_row padding_top_multiplier=\u00a0\u00bb\u00a0\u00bb padding_bottom_multiplier=\u00a0\u00bb\u00a0\u00bb][vc_column][vc_column_text] LE GROUPE [\/vc_column_text][vc_column_text] INNOVATION ET COMP\u00c9TENCES SP\u00c9CIALIS\u00c9ES AU SERVICE DE L\u2019EXTERNALISATION DE LA GESTION DES SINISTRES [\/vc_column_text][vc_column_text] MSA-Multi Serass voit son leadership \u00e9largi et renforc\u00e9 gr\u00e2ce \u00e0 son appartenance au groupe MSA Mizar, qui est \u00e0 m\u00eame d\u2019apporter, \u00e0 travers ses filiales, une r\u00e9ponse adapt\u00e9e \u00e0 chaque \u00e9tape du processus d\u2019externalisation de [&hellip;]","og_url":"https:\/\/www.multiserass.com\/fr\/le-groupe\/","og_site_name":"Multiserass","article_modified_time":"2024-03-22T10:20:08+00:00","twitter_card":"summary_large_image","twitter_misc":{"Dur\u00e9e de lecture estim\u00e9e":"1 minute"},"schema":{"@context":"https:\/\/schema.org","@graph":[{"@type":"WebPage","@id":"https:\/\/www.multiserass.com\/fr\/le-groupe\/","url":"https:\/\/www.multiserass.com\/fr\/le-groupe\/","name":"Le Groupe - Multiserass","isPartOf":{"@id":"https:\/\/www.multiserass.com\/fr\/#website"},"datePublished":"2023-01-18T15:41:58+00:00","dateModified":"2024-03-22T10:20:08+00:00","breadcrumb":{"@id":"https:\/\/www.multiserass.com\/fr\/le-groupe\/#breadcrumb"},"inLanguage":"fr-FR","potentialAction":[{"@type":"ReadAction","target":["https:\/\/www.multiserass.com\/fr\/le-groupe\/"]}]},{"@type":"BreadcrumbList","@id":"https:\/\/www.multiserass.com\/fr\/le-groupe\/#breadcrumb","itemListElement":[{"@type":"ListItem","position":1,"name":"Home","item":"https:\/\/www.multiserass.com\/fr\/"},{"@type":"ListItem","position":2,"name":"Le Groupe"}]},{"@type":"WebSite","@id":"https:\/\/www.multiserass.com\/fr\/#website","url":"https:\/\/www.multiserass.com\/fr\/","name":"Multiserass","description":"","potentialAction":[{"@type":"SearchAction","target":{"@type":"EntryPoint","urlTemplate":"https:\/\/www.multiserass.com\/fr\/?s={search_term_string}"},"query-input":{"@type":"PropertyValueSpecification","valueRequired":true,"valueName":"search_term_string"}}],"inLanguage":"fr-FR"}]}},"_links":{"self":[{"href":"https:\/\/www.multiserass.com\/fr\/wp-json\/wp\/v2\/pages\/1254","targetHints":{"allow":["GET"]}}],"collection":[{"href":"https:\/\/www.multiserass.com\/fr\/wp-json\/wp\/v2\/pages"}],"about":[{"href":"https:\/\/www.multiserass.com\/fr\/wp-json\/wp\/v2\/types\/page"}],"author":[{"embeddable":true,"href":"https:\/\/www.multiserass.com\/fr\/wp-json\/wp\/v2\/users\/1"}],"replies":[{"embeddable":true,"href":"https:\/\/www.multiserass.com\/fr\/wp-json\/wp\/v2\/comments?post=1254"}],"version-history":[{"count":4,"href":"https:\/\/www.multiserass.com\/fr\/wp-json\/wp\/v2\/pages\/1254\/revisions"}],"predecessor-version":[{"id":1394,"href":"https:\/\/www.multiserass.com\/fr\/wp-json\/wp\/v2\/pages\/1254\/revisions\/1394"}],"wp:attachment":[{"href":"https:\/\/www.multiserass.com\/fr\/wp-json\/wp\/v2\/media?parent=1254"}],"curies":[{"name":"wp","href":"https:\/\/api.w.org\/{rel}","templated":true}]}}