{"id":1248,"date":"2023-11-13T18:08:35","date_gmt":"2023-11-13T17:08:35","guid":{"rendered":"https:\/\/www.multiserass.com\/contatti\/"},"modified":"2026-01-20T12:08:21","modified_gmt":"2026-01-20T11:08:21","slug":"contacts","status":"publish","type":"page","link":"https:\/\/www.multiserass.com\/fr\/contacts\/","title":{"rendered":"Contacts"},"content":{"rendered":"<div class=\"wpb-content-wrapper\"><p>[vc_row padding_top_multiplier=\u00a0\u00bb\u00a0\u00bb padding_bottom_multiplier=\u00a0\u00bb\u00a0\u00bb][vc_column]<div class=\"grve-empty-space\" style=\"height: 50px;\"><\/div>[vc_column_text]<\/p>\n<p class=\"text_27_15 weight400 color_6F6F6F align_center\">O\u00f9 nous trouver?<\/p>\n<p>[\/vc_column_text]<div class=\"grve-empty-space\" style=\"height: 10px;\"><\/div>[vc_column_text]<\/p>\n<h1 class=\"text_50_30 color_013A6F align_center line_height_1_1\">NOS BUREAUX<\/h1>\n<p>[\/vc_column_text]<div class=\"grve-empty-space grve-tablet-sm-column-hide grve-mobile-column-hide\" style=\"height: 20px;\"><\/div><div class=\"grve-empty-space grve-desktop-column-hide grve-tablet-column-hide\" style=\"height: 10px;\"><\/div>[vc_column_text]<\/p>\n<p class=\"text_23_15 weight400 color_9A9A9A align_center contatti-text line_height_1_1\">MSA-Multi Serass a agrandi son champ d&rsquo;action et \u00e9largi la gamme des services offerts pour atteindre une dimension internationale qui lui permet d\u2019occuper une place de choix sur les principaux march\u00e9s europ\u00e9ens.<\/p>\n<p>[\/vc_column_text]<div class=\"grve-empty-space grve-tablet-sm-column-hide grve-mobile-column-hide\" style=\"height: 90px;\"><\/div><div class=\"grve-empty-space grve-desktop-column-hide grve-tablet-column-hide\" style=\"height: 50px;\"><\/div>[vc_raw_html el_class=\u00a0\u00bbnomargin\u00a0\u00bb]JTNDZGl2JTIwc3R5bGUlM0QlMjJoZWlnaHQlM0ElMjAxcHglM0IlMjBiYWNrZ3JvdW5kLWNvbG9yJTNBJTIwJTIzOUE5QTlBJTNCJTIwb3BhY2l0eSUzQSUyMDAuNyUyMiUzRSUzQyUyRmRpdiUzRQ==[\/vc_raw_html]<div class=\"grve-empty-space\" style=\"height: 45px;\"><\/div>[\/vc_column][\/vc_row][vc_row padding_top_multiplier=\u00a0\u00bb\u00a0\u00bb padding_bottom_multiplier=\u00a0\u00bb\u00a0\u00bb section_id=\u00a0\u00bbrow-sedi\u00a0\u00bb][vc_column][vc_column_text]        <div class=\"contatti-sede\">\n            <div class=\"top\">\n                <img decoding=\"async\" src=\"\/wp-content\/uploads\/2023\/11\/sede-milano.svg\">\n                <div>\n                    <div class=\"paese\">Italie<\/div>\n                    <h3 class=\"citta\">Milan<\/h3>\n                <\/div>\n            <\/div>\n            <div class=\"via\">Via Sangro 15, 20132<\/div>\n        <\/div>\n    [\/vc_column_text][vc_column_text]        <div class=\"contatti-sede\">\n            <div class=\"top\">\n                <img decoding=\"async\" src=\"\/wp-content\/uploads\/2023\/11\/sede-torino.svg\">\n                <div>\n                    <div class=\"paese\">Italie<\/div>\n                    <h3 class=\"citta\">Turin<\/h3>\n                <\/div>\n            <\/div>\n            <div class=\"via\">Via Roma 13\/1 Moncalieri<\/div>\n        <\/div>\n    [\/vc_column_text][vc_column_text]        <div class=\"contatti-sede\">\n            <div class=\"top\">\n                <img decoding=\"async\" src=\"\/wp-content\/uploads\/2023\/11\/sede-trento.svg\">\n                <div>\n                    <div class=\"paese\">Italie<\/div>\n                    <h3 class=\"citta\">Trente<\/h3>\n                <\/div>\n            <\/div>\n            <div class=\"via\">Via Romano Guardini, 75<\/div>\n        <\/div>\n    [\/vc_column_text][vc_column_text]        <div class=\"contatti-sede\">\n            <div class=\"top\">\n                <img decoding=\"async\" src=\"\/wp-content\/uploads\/2023\/11\/sede-roma.svg\">\n                <div>\n                    <div class=\"paese\">Italie<\/div>\n                    <h3 class=\"citta\">Rome<\/h3>\n                <\/div>\n            <\/div>\n            <div class=\"via\">Via Del Castro Pretorio, 30<\/div>\n        <\/div>\n    [\/vc_column_text][\/vc_column][vc_column][vc_column_text css=\u00a0\u00bb\u00a0\u00bb]        <div class=\"contatti-sede\">\n            <div class=\"top\">\n                <img decoding=\"async\" src=\"\/wp-content\/uploads\/2026\/01\/sede-bari.svg\">\n                <div>\n                    <div class=\"paese\">Italie<\/div>\n                    <h3 class=\"citta\">Bari<\/h3>\n                <\/div>\n            <\/div>\n            <div class=\"via\">Corso Benedetto Croce, 165<\/div>\n        <\/div>\n    [\/vc_column_text][vc_column_text]        <div class=\"contatti-sede\">\n            <div class=\"top\">\n                <img decoding=\"async\" src=\"\/wp-content\/uploads\/2023\/11\/sede-madrid.svg\">\n                <div>\n                    <div class=\"paese\">Espagne<\/div>\n                    <h3 class=\"citta\">Madrid<\/h3>\n                <\/div>\n            <\/div>\n            <div class=\"via\">Calle Caleruega, 102 28033<\/div>\n        <\/div>\n    [\/vc_column_text][vc_column_text]        <div class=\"contatti-sede\">\n            <div class=\"top\">\n                <img decoding=\"async\" src=\"\/wp-content\/uploads\/2023\/11\/sede-parigi.svg\">\n                <div>\n                    <div class=\"paese\">France<\/div>\n                    <h3 class=\"citta\">Paris<\/h3>\n                <\/div>\n            <\/div>\n            <div class=\"via\">22 Rue De La Paix, 75002<\/div>\n        <\/div>\n    [\/vc_column_text][vc_column_text]        <div class=\"contatti-sede\">\n            <div class=\"top\">\n                <img decoding=\"async\" src=\"\/wp-content\/uploads\/2023\/11\/sede-friburgo.svg\">\n                <div>\n                    <div class=\"paese\">Suisse<\/div>\n                    <h3 class=\"citta\">Fribourg<\/h3>\n                <\/div>\n            <\/div>\n            <div class=\"via\">Route De La Fonderie 2 1700<\/div>\n        <\/div>\n    [\/vc_column_text][\/vc_column][\/vc_row][vc_row padding_top_multiplier=\u00a0\u00bb\u00a0\u00bb padding_bottom_multiplier=\u00a0\u00bb\u00a0\u00bb][vc_column]<div class=\"grve-empty-space grve-tablet-sm-column-hide grve-mobile-column-hide\" style=\"height: 120px;\"><\/div><div class=\"grve-empty-space grve-desktop-column-hide grve-tablet-column-hide\" style=\"height: 50px;\"><\/div>[\/vc_column][\/vc_row][vc_row bg_type=\u00a0\u00bbcolor\u00a0\u00bb padding_top_multiplier=\u00a0\u00bb\u00a0\u00bb padding_bottom_multiplier=\u00a0\u00bb\u00a0\u00bb bg_color=\u00a0\u00bb#013a6f\u00a0\u00bb el_class=\u00a0\u00bbrow_max_width_1450px\u00a0\u00bb section_id=\u00a0\u00bbrow-contatti-blu\u00a0\u00bb][vc_column]<div class=\"grve-empty-space grve-tablet-sm-column-hide grve-mobile-column-hide\" style=\"height: 45px;\"><\/div><div class=\"grve-empty-space grve-desktop-column-hide grve-tablet-column-hide\" style=\"height: 30px;\"><\/div><div class=\"grve-element grve-image il-gruppo-icon-img grve-align-center\" style=\"\">  <div class=\"grve-image-wrapper\"><img loading=\"lazy\" decoding=\"async\" width=\"96\" height=\"88\" src=\"https:\/\/www.multiserass.com\/wp-content\/uploads\/2023\/11\/contatti-icon.svg\" class=\"attachment-full size-full\" alt=\"\" \/>   <\/div><\/div><div class=\"grve-empty-space grve-tablet-sm-column-hide grve-mobile-column-hide\" style=\"height: 60px;\"><\/div><div class=\"grve-empty-space grve-desktop-column-hide grve-tablet-column-hide\" style=\"height: 30px;\"><\/div>[\/vc_column][vc_column width=\u00a0\u00bb1\/2&Prime;][vc_column_text]<\/p>\n<p class=\"text_23_15 weight200 mobile_align_center\">MSA-Multi Serass place la satisfaction de sa client\u00e8le au c\u0153ur de ses consid\u00e9rations.<\/p>\n<p>[\/vc_column_text][vc_column_text]<\/p>\n<p class=\"text_23_15 weight200 mobile_align_center\">Ainsi nous nous engageons chaque jour \u00e0 garantir \u00e0 la fois la plus haute qualit\u00e9 de nos services mais aussi et surtout \u00e0 placer la relation avec tous nos interlocuteurs sous le signe de la transparence et du professionnalisme.<\/p>\n<p>[\/vc_column_text][\/vc_column][vc_column width=\u00a0\u00bb1\/2&Prime;]<div class=\"grve-empty-space grve-height-1x grve-desktop-column-hide grve-tablet-column-hide grve-tablet-sm-column-hide\" style=\"\"><\/div>[vc_column_text]<\/p>\n<p class=\"text_23_15 weight300 mobile_align_center\"><span class=\"weight500\">Pour plus d\u2019informations commerciales, vous pouvez nous contacter par t\u00e9l\u00e9phone ou par email.<\/span>.<br class=\"\" \/>Nos \u00e9quipes reviendront vers vous dans les plus brefs d\u00e9lais.<\/p>\n<p>[\/vc_column_text][\/vc_column][vc_column]<div class=\"grve-empty-space grve-tablet-sm-column-hide grve-mobile-column-hide\" style=\"height: 70px;\"><\/div><div class=\"grve-empty-space grve-desktop-column-hide grve-tablet-column-hide\" style=\"height: 26px;\"><\/div>[\/vc_column][\/vc_row][vc_row padding_top_multiplier=\u00a0\u00bb\u00a0\u00bb padding_bottom_multiplier=\u00a0\u00bb\u00a0\u00bb][vc_column]<div class=\"grve-empty-space grve-tablet-sm-column-hide grve-mobile-column-hide\" style=\"height: 70px;\"><\/div><div class=\"grve-empty-space grve-desktop-column-hide grve-tablet-column-hide\" style=\"height: 50px;\"><\/div>[vc_column_text]<\/p>\n<p class=\"text_30_15 color_6F6F6F weight400 align_center\">MSA-Multi Serass<\/p>\n<p>[\/vc_column_text]<div class=\"grve-empty-space\" style=\"height: 10px;\"><\/div>[vc_column_text]<\/p>\n<h2 class=\"text_50_30 color_013A6F weight600 align_center\">NOS CONTACTS<\/h2>\n<p>[\/vc_column_text]<div class=\"grve-empty-space grve-tablet-sm-column-hide grve-mobile-column-hide\" style=\"height: 55px;\"><\/div><div class=\"grve-empty-space grve-desktop-column-hide grve-tablet-column-hide\" style=\"height: 10px;\"><\/div>[\/vc_column][\/vc_row][vc_row bg_type=\u00a0\u00bbcolor\u00a0\u00bb padding_top_multiplier=\u00a0\u00bb\u00a0\u00bb padding_bottom_multiplier=\u00a0\u00bb\u00a0\u00bb bg_color=\u00a0\u00bb#f8f8f8&Prime;][vc_column]<div class=\"grve-empty-space grve-tablet-sm-column-hide grve-mobile-column-hide\" style=\"height: 75px;\"><\/div><div class=\"grve-empty-space grve-desktop-column-hide grve-tablet-column-hide\" style=\"height: 30px;\"><\/div>[vc_column_text]    <section class=\"splide\" id=\"contatti-splide\" aria-label=\"contatti\">\n        <div class=\"splide__arrows\">\n            <button class=\"splide__arrow splide__arrow--prev\">\n                <svg xmlns=\"http:\/\/www.w3.org\/2000\/svg\" viewBox=\"0 0 11.54 20.25\">\n                    <path id=\"Path_935\" data-name=\"Path 935\" d=\"M0,0,9.417,9.419,18.836,0\" transform=\"translate(10.833 0.707) rotate(90)\" fill=\"none\" stroke=\"#023a6f\" stroke-width=\"2\"\/>\n                <\/svg>\n            <\/button>\n            <button class=\"splide__arrow splide__arrow--next\">\n                <svg xmlns=\"http:\/\/www.w3.org\/2000\/svg\" viewBox=\"0 0 11.54 20.25\">\n                    <path id=\"Path_934\" data-name=\"Path 934\" d=\"M0,0,9.417,9.419,18.836,0\" transform=\"translate(0.707 19.543) rotate(-90)\" fill=\"none\" stroke=\"#023a6f\" stroke-width=\"2\"\/>\n                <\/svg>\n            <\/button>\n        <\/div>\n\n        <div class=\"splide__track\">\n            <ul class=\"splide__list\">\n                <li class=\"splide__slide\">\n                    <div class=\"contatti-slide\">\n                        <img decoding=\"async\" src=\"\/wp-content\/themes\/movedo-child\/assets_multiserass\/contatti-mail.svg\">\n                        <div class=\"text\">\u00c9CRIRE<\/div>\n                        <a class=\"link\" href=\"mailto:info@multiserass.com\">info@multiserass.com<\/a>\n                    <\/div>\n                <\/li>    \n                <li class=\"splide__slide\">\n                    <div class=\"contatti-slide borders\">\n                        <img decoding=\"async\" src=\"\/wp-content\/themes\/movedo-child\/assets_multiserass\/contatti-tel.svg\">\n                        <div class=\"text\">APPELER<\/div>\n                        <a class=\"link\" href=\"tel:+39024654741\">+39 02 4654741<\/a>\n                    <\/div>\n                <\/li>    \n                <li class=\"splide__slide\">\n                    <div class=\"contatti-slide\">\n                        <img decoding=\"async\" src=\"\/wp-content\/themes\/movedo-child\/assets_multiserass\/contatti-pec.svg\">\n                        <div class=\"text\">CONTACTER<\/div>\n                        <a class=\"link\" href=\"mailto:msamilano@legalmail.it\">msamilano@legalmail.it<\/a>\n                    <\/div>\n                <\/li>                   \n            <\/ul>\n        <\/div>\n    <\/section>\n    [\/vc_column_text]<div class=\"grve-empty-space grve-tablet-sm-column-hide grve-mobile-column-hide\" style=\"height: 75px;\"><\/div><div class=\"grve-empty-space grve-desktop-column-hide grve-tablet-column-hide\" style=\"height: 30px;\"><\/div>[\/vc_column][\/vc_row]<\/p>\n<\/div>","protected":false},"excerpt":{"rendered":"<p>[vc_row padding_top_multiplier=\u00a0\u00bb\u00a0\u00bb padding_bottom_multiplier=\u00a0\u00bb\u00a0\u00bb][vc_column][vc_column_text] O\u00f9 nous trouver? [\/vc_column_text][vc_column_text] NOS BUREAUX [\/vc_column_text][vc_column_text] MSA-Multi Serass a agrandi son champ d&rsquo;action et \u00e9largi la gamme des services offerts pour atteindre une dimension internationale qui lui permet d\u2019occuper une place de choix sur les principaux march\u00e9s europ\u00e9ens. [\/vc_column_text][vc_raw_html el_class=\u00a0\u00bbnomargin\u00a0\u00bb]JTNDZGl2JTIwc3R5bGUlM0QlMjJoZWlnaHQlM0ElMjAxcHglM0IlMjBiYWNrZ3JvdW5kLWNvbG9yJTNBJTIwJTIzOUE5QTlBJTNCJTIwb3BhY2l0eSUzQSUyMDAuNyUyMiUzRSUzQyUyRmRpdiUzRQ==[\/vc_raw_html][\/vc_column][\/vc_row][vc_row padding_top_multiplier=\u00a0\u00bb\u00a0\u00bb padding_bottom_multiplier=\u00a0\u00bb\u00a0\u00bb section_id=\u00a0\u00bbrow-sedi\u00a0\u00bb][vc_column][vc_column_text][\/vc_column_text][vc_column_text][\/vc_column_text][vc_column_text][\/vc_column_text][vc_column_text][\/vc_column_text][\/vc_column][vc_column][vc_column_text css=\u00a0\u00bb\u00a0\u00bb][\/vc_column_text][vc_column_text][\/vc_column_text][vc_column_text][\/vc_column_text][vc_column_text][\/vc_column_text][\/vc_column][\/vc_row][vc_row padding_top_multiplier=\u00a0\u00bb\u00a0\u00bb padding_bottom_multiplier=\u00a0\u00bb\u00a0\u00bb][vc_column][\/vc_column][\/vc_row][vc_row bg_type=\u00a0\u00bbcolor\u00a0\u00bb padding_top_multiplier=\u00a0\u00bb\u00a0\u00bb padding_bottom_multiplier=\u00a0\u00bb\u00a0\u00bb bg_color=\u00a0\u00bb#013a6f\u00a0\u00bb el_class=\u00a0\u00bbrow_max_width_1450px\u00a0\u00bb [&hellip;]<\/p>\n","protected":false},"author":1,"featured_media":0,"parent":0,"menu_order":0,"comment_status":"closed","ping_status":"closed","template":"","meta":{"_acf_changed":false,"inline_featured_image":false,"_monsterinsights_skip_tracking":false,"_monsterinsights_sitenote_active":false,"_monsterinsights_sitenote_note":"","_monsterinsights_sitenote_category":0,"footnotes":""},"class_list":["post-1248","page","type-page","status-publish","hentry"],"acf":[],"yoast_head":"<!-- This site is optimized with the Yoast SEO plugin v27.4 - https:\/\/yoast.com\/product\/yoast-seo-wordpress\/ -->\n<title>Contacts - Multiserass<\/title>\n<meta name=\"robots\" content=\"index, follow, max-snippet:-1, max-image-preview:large, max-video-preview:-1\" \/>\n<link rel=\"canonical\" href=\"https:\/\/www.multiserass.com\/fr\/contacts\/\" \/>\n<meta property=\"og:locale\" content=\"fr_FR\" \/>\n<meta property=\"og:type\" content=\"article\" \/>\n<meta property=\"og:title\" content=\"Contacts - Multiserass\" \/>\n<meta property=\"og:description\" content=\"[vc_row padding_top_multiplier=\u00a0\u00bb\u00a0\u00bb padding_bottom_multiplier=\u00a0\u00bb\u00a0\u00bb][vc_column][vc_column_text] O\u00f9 nous trouver? [\/vc_column_text][vc_column_text] NOS BUREAUX [\/vc_column_text][vc_column_text] MSA-Multi Serass a agrandi son champ d&rsquo;action et \u00e9largi la gamme des services offerts pour atteindre une dimension internationale qui lui permet d\u2019occuper une place de choix sur les principaux march\u00e9s europ\u00e9ens. [\/vc_column_text][vc_raw_html el_class=\u00a0\u00bbnomargin\u00a0\u00bb]JTNDZGl2JTIwc3R5bGUlM0QlMjJoZWlnaHQlM0ElMjAxcHglM0IlMjBiYWNrZ3JvdW5kLWNvbG9yJTNBJTIwJTIzOUE5QTlBJTNCJTIwb3BhY2l0eSUzQSUyMDAuNyUyMiUzRSUzQyUyRmRpdiUzRQ==[\/vc_raw_html][\/vc_column][\/vc_row][vc_row padding_top_multiplier=\u00a0\u00bb\u00a0\u00bb padding_bottom_multiplier=\u00a0\u00bb\u00a0\u00bb section_id=\u00a0\u00bbrow-sedi\u00a0\u00bb][vc_column][vc_column_text][\/vc_column_text][vc_column_text][\/vc_column_text][vc_column_text][\/vc_column_text][vc_column_text][\/vc_column_text][\/vc_column][vc_column][vc_column_text css=\u00a0\u00bb\u00a0\u00bb][\/vc_column_text][vc_column_text][\/vc_column_text][vc_column_text][\/vc_column_text][vc_column_text][\/vc_column_text][\/vc_column][\/vc_row][vc_row padding_top_multiplier=\u00a0\u00bb\u00a0\u00bb padding_bottom_multiplier=\u00a0\u00bb\u00a0\u00bb][vc_column][\/vc_column][\/vc_row][vc_row bg_type=\u00a0\u00bbcolor\u00a0\u00bb padding_top_multiplier=\u00a0\u00bb\u00a0\u00bb padding_bottom_multiplier=\u00a0\u00bb\u00a0\u00bb bg_color=\u00a0\u00bb#013a6f\u00a0\u00bb el_class=\u00a0\u00bbrow_max_width_1450px\u00a0\u00bb [&hellip;]\" \/>\n<meta property=\"og:url\" content=\"https:\/\/www.multiserass.com\/fr\/contacts\/\" \/>\n<meta property=\"og:site_name\" content=\"Multiserass\" \/>\n<meta property=\"article:modified_time\" content=\"2026-01-20T11:08:21+00:00\" \/>\n<meta name=\"twitter:card\" content=\"summary_large_image\" \/>\n<meta name=\"twitter:label1\" content=\"Dur\u00e9e de lecture estim\u00e9e\" \/>\n\t<meta name=\"twitter:data1\" content=\"2 minutes\" \/>\n<script type=\"application\/ld+json\" class=\"yoast-schema-graph\">{\"@context\":\"https:\\\/\\\/schema.org\",\"@graph\":[{\"@type\":\"WebPage\",\"@id\":\"https:\\\/\\\/www.multiserass.com\\\/fr\\\/contacts\\\/\",\"url\":\"https:\\\/\\\/www.multiserass.com\\\/fr\\\/contacts\\\/\",\"name\":\"Contacts - Multiserass\",\"isPartOf\":{\"@id\":\"https:\\\/\\\/www.multiserass.com\\\/fr\\\/#website\"},\"datePublished\":\"2023-11-13T17:08:35+00:00\",\"dateModified\":\"2026-01-20T11:08:21+00:00\",\"breadcrumb\":{\"@id\":\"https:\\\/\\\/www.multiserass.com\\\/fr\\\/contacts\\\/#breadcrumb\"},\"inLanguage\":\"fr-FR\",\"potentialAction\":[{\"@type\":\"ReadAction\",\"target\":[\"https:\\\/\\\/www.multiserass.com\\\/fr\\\/contacts\\\/\"]}]},{\"@type\":\"BreadcrumbList\",\"@id\":\"https:\\\/\\\/www.multiserass.com\\\/fr\\\/contacts\\\/#breadcrumb\",\"itemListElement\":[{\"@type\":\"ListItem\",\"position\":1,\"name\":\"Home\",\"item\":\"https:\\\/\\\/www.multiserass.com\\\/fr\\\/\"},{\"@type\":\"ListItem\",\"position\":2,\"name\":\"Contacts\"}]},{\"@type\":\"WebSite\",\"@id\":\"https:\\\/\\\/www.multiserass.com\\\/fr\\\/#website\",\"url\":\"https:\\\/\\\/www.multiserass.com\\\/fr\\\/\",\"name\":\"Multiserass\",\"description\":\"\",\"potentialAction\":[{\"@type\":\"SearchAction\",\"target\":{\"@type\":\"EntryPoint\",\"urlTemplate\":\"https:\\\/\\\/www.multiserass.com\\\/fr\\\/?s={search_term_string}\"},\"query-input\":{\"@type\":\"PropertyValueSpecification\",\"valueRequired\":true,\"valueName\":\"search_term_string\"}}],\"inLanguage\":\"fr-FR\"}]}<\/script>\n<!-- \/ Yoast SEO plugin. -->","yoast_head_json":{"title":"Contacts - Multiserass","robots":{"index":"index","follow":"follow","max-snippet":"max-snippet:-1","max-image-preview":"max-image-preview:large","max-video-preview":"max-video-preview:-1"},"canonical":"https:\/\/www.multiserass.com\/fr\/contacts\/","og_locale":"fr_FR","og_type":"article","og_title":"Contacts - Multiserass","og_description":"[vc_row padding_top_multiplier=\u00a0\u00bb\u00a0\u00bb padding_bottom_multiplier=\u00a0\u00bb\u00a0\u00bb][vc_column][vc_column_text] O\u00f9 nous trouver? [\/vc_column_text][vc_column_text] NOS BUREAUX [\/vc_column_text][vc_column_text] MSA-Multi Serass a agrandi son champ d&rsquo;action et \u00e9largi la gamme des services offerts pour atteindre une dimension internationale qui lui permet d\u2019occuper une place de choix sur les principaux march\u00e9s europ\u00e9ens. [\/vc_column_text][vc_raw_html el_class=\u00a0\u00bbnomargin\u00a0\u00bb]JTNDZGl2JTIwc3R5bGUlM0QlMjJoZWlnaHQlM0ElMjAxcHglM0IlMjBiYWNrZ3JvdW5kLWNvbG9yJTNBJTIwJTIzOUE5QTlBJTNCJTIwb3BhY2l0eSUzQSUyMDAuNyUyMiUzRSUzQyUyRmRpdiUzRQ==[\/vc_raw_html][\/vc_column][\/vc_row][vc_row padding_top_multiplier=\u00a0\u00bb\u00a0\u00bb padding_bottom_multiplier=\u00a0\u00bb\u00a0\u00bb section_id=\u00a0\u00bbrow-sedi\u00a0\u00bb][vc_column][vc_column_text][\/vc_column_text][vc_column_text][\/vc_column_text][vc_column_text][\/vc_column_text][vc_column_text][\/vc_column_text][\/vc_column][vc_column][vc_column_text css=\u00a0\u00bb\u00a0\u00bb][\/vc_column_text][vc_column_text][\/vc_column_text][vc_column_text][\/vc_column_text][vc_column_text][\/vc_column_text][\/vc_column][\/vc_row][vc_row padding_top_multiplier=\u00a0\u00bb\u00a0\u00bb padding_bottom_multiplier=\u00a0\u00bb\u00a0\u00bb][vc_column][\/vc_column][\/vc_row][vc_row bg_type=\u00a0\u00bbcolor\u00a0\u00bb padding_top_multiplier=\u00a0\u00bb\u00a0\u00bb padding_bottom_multiplier=\u00a0\u00bb\u00a0\u00bb bg_color=\u00a0\u00bb#013a6f\u00a0\u00bb el_class=\u00a0\u00bbrow_max_width_1450px\u00a0\u00bb [&hellip;]","og_url":"https:\/\/www.multiserass.com\/fr\/contacts\/","og_site_name":"Multiserass","article_modified_time":"2026-01-20T11:08:21+00:00","twitter_card":"summary_large_image","twitter_misc":{"Dur\u00e9e de lecture estim\u00e9e":"2 minutes"},"schema":{"@context":"https:\/\/schema.org","@graph":[{"@type":"WebPage","@id":"https:\/\/www.multiserass.com\/fr\/contacts\/","url":"https:\/\/www.multiserass.com\/fr\/contacts\/","name":"Contacts - Multiserass","isPartOf":{"@id":"https:\/\/www.multiserass.com\/fr\/#website"},"datePublished":"2023-11-13T17:08:35+00:00","dateModified":"2026-01-20T11:08:21+00:00","breadcrumb":{"@id":"https:\/\/www.multiserass.com\/fr\/contacts\/#breadcrumb"},"inLanguage":"fr-FR","potentialAction":[{"@type":"ReadAction","target":["https:\/\/www.multiserass.com\/fr\/contacts\/"]}]},{"@type":"BreadcrumbList","@id":"https:\/\/www.multiserass.com\/fr\/contacts\/#breadcrumb","itemListElement":[{"@type":"ListItem","position":1,"name":"Home","item":"https:\/\/www.multiserass.com\/fr\/"},{"@type":"ListItem","position":2,"name":"Contacts"}]},{"@type":"WebSite","@id":"https:\/\/www.multiserass.com\/fr\/#website","url":"https:\/\/www.multiserass.com\/fr\/","name":"Multiserass","description":"","potentialAction":[{"@type":"SearchAction","target":{"@type":"EntryPoint","urlTemplate":"https:\/\/www.multiserass.com\/fr\/?s={search_term_string}"},"query-input":{"@type":"PropertyValueSpecification","valueRequired":true,"valueName":"search_term_string"}}],"inLanguage":"fr-FR"}]}},"_links":{"self":[{"href":"https:\/\/www.multiserass.com\/fr\/wp-json\/wp\/v2\/pages\/1248","targetHints":{"allow":["GET"]}}],"collection":[{"href":"https:\/\/www.multiserass.com\/fr\/wp-json\/wp\/v2\/pages"}],"about":[{"href":"https:\/\/www.multiserass.com\/fr\/wp-json\/wp\/v2\/types\/page"}],"author":[{"embeddable":true,"href":"https:\/\/www.multiserass.com\/fr\/wp-json\/wp\/v2\/users\/1"}],"replies":[{"embeddable":true,"href":"https:\/\/www.multiserass.com\/fr\/wp-json\/wp\/v2\/comments?post=1248"}],"version-history":[{"count":4,"href":"https:\/\/www.multiserass.com\/fr\/wp-json\/wp\/v2\/pages\/1248\/revisions"}],"predecessor-version":[{"id":1802,"href":"https:\/\/www.multiserass.com\/fr\/wp-json\/wp\/v2\/pages\/1248\/revisions\/1802"}],"wp:attachment":[{"href":"https:\/\/www.multiserass.com\/fr\/wp-json\/wp\/v2\/media?parent=1248"}],"curies":[{"name":"wp","href":"https:\/\/api.w.org\/{rel}","templated":true}]}}