{"id":1249,"date":"2023-11-13T18:08:35","date_gmt":"2023-11-13T17:08:35","guid":{"rendered":"https:\/\/www.multiserass.com\/contatti\/"},"modified":"2026-01-20T12:08:17","modified_gmt":"2026-01-20T11:08:17","slug":"contactos","status":"publish","type":"page","link":"https:\/\/www.multiserass.com\/es\/contactos\/","title":{"rendered":"Contactos"},"content":{"rendered":"<div class=\"wpb-content-wrapper\"><p>[vc_row padding_top_multiplier=\u00bb\u00bb padding_bottom_multiplier=\u00bb\u00bb][vc_column]<div class=\"grve-empty-space\" style=\"height: 50px;\"><\/div>[vc_column_text]<\/p>\n<p class=\"text_27_15 weight400 color_6F6F6F align_center\">D\u00f3nde estamos<\/p>\n<p>[\/vc_column_text]<div class=\"grve-empty-space\" style=\"height: 10px;\"><\/div>[vc_column_text]<\/p>\n<h1 class=\"text_50_30 color_013A6F align_center line_height_1_1\">NUESTRAS SEDES<\/h1>\n<p>[\/vc_column_text]<div class=\"grve-empty-space grve-tablet-sm-column-hide grve-mobile-column-hide\" style=\"height: 20px;\"><\/div><div class=\"grve-empty-space grve-desktop-column-hide grve-tablet-column-hide\" style=\"height: 10px;\"><\/div>[vc_column_text]<\/p>\n<p class=\"text_23_15 weight400 color_9A9A9A align_center contatti-text line_height_1_1\">MSA-Multi Serass ha ampliado su \u00e1mbito de actuaci\u00f3n y su gama de servicios para dar un salto internacional, desempe\u00f1ando un papel importante en los principales mercados europeos.<\/p>\n<p>[\/vc_column_text]<div class=\"grve-empty-space grve-tablet-sm-column-hide grve-mobile-column-hide\" style=\"height: 90px;\"><\/div><div class=\"grve-empty-space grve-desktop-column-hide grve-tablet-column-hide\" style=\"height: 50px;\"><\/div>[vc_raw_html el_class=\u00bbnomargin\u00bb]JTNDZGl2JTIwc3R5bGUlM0QlMjJoZWlnaHQlM0ElMjAxcHglM0IlMjBiYWNrZ3JvdW5kLWNvbG9yJTNBJTIwJTIzOUE5QTlBJTNCJTIwb3BhY2l0eSUzQSUyMDAuNyUyMiUzRSUzQyUyRmRpdiUzRQ==[\/vc_raw_html]<div class=\"grve-empty-space\" style=\"height: 45px;\"><\/div>[\/vc_column][\/vc_row][vc_row padding_top_multiplier=\u00bb\u00bb padding_bottom_multiplier=\u00bb\u00bb section_id=\u00bbrow-sedi\u00bb][vc_column][vc_column_text]        <div class=\"contatti-sede\">\n            <div class=\"top\">\n                <img decoding=\"async\" src=\"\/wp-content\/uploads\/2023\/11\/sede-milano.svg\">\n                <div>\n                    <div class=\"paese\">Italia<\/div>\n                    <h3 class=\"citta\">Mil\u00e1n<\/h3>\n                <\/div>\n            <\/div>\n            <div class=\"via\">Via Sangro 15, 20132<\/div>\n        <\/div>\n    [\/vc_column_text][vc_column_text]        <div class=\"contatti-sede\">\n            <div class=\"top\">\n                <img decoding=\"async\" src=\"\/wp-content\/uploads\/2023\/11\/sede-torino.svg\">\n                <div>\n                    <div class=\"paese\">Italia<\/div>\n                    <h3 class=\"citta\">Tur\u00edn<\/h3>\n                <\/div>\n            <\/div>\n            <div class=\"via\">Via Roma 13\/1 Moncalieri<\/div>\n        <\/div>\n    [\/vc_column_text][vc_column_text]        <div class=\"contatti-sede\">\n            <div class=\"top\">\n                <img decoding=\"async\" src=\"\/wp-content\/uploads\/2023\/11\/sede-trento.svg\">\n                <div>\n                    <div class=\"paese\">Italia<\/div>\n                    <h3 class=\"citta\">Trento<\/h3>\n                <\/div>\n            <\/div>\n            <div class=\"via\">Via Romano Guardini, 75<\/div>\n        <\/div>\n    [\/vc_column_text][vc_column_text]        <div class=\"contatti-sede\">\n            <div class=\"top\">\n                <img decoding=\"async\" src=\"\/wp-content\/uploads\/2023\/11\/sede-roma.svg\">\n                <div>\n                    <div class=\"paese\">Italia<\/div>\n                    <h3 class=\"citta\">Roma<\/h3>\n                <\/div>\n            <\/div>\n            <div class=\"via\">Via Del Castro Pretorio, 30<\/div>\n        <\/div>\n    [\/vc_column_text][\/vc_column][vc_column][vc_column_text css=\u00bb\u00bb]        <div class=\"contatti-sede\">\n            <div class=\"top\">\n                <img decoding=\"async\" src=\"\/wp-content\/uploads\/2026\/01\/sede-bari.svg\">\n                <div>\n                    <div class=\"paese\">Italia<\/div>\n                    <h3 class=\"citta\">Bari<\/h3>\n                <\/div>\n            <\/div>\n            <div class=\"via\">Corso Benedetto Croce, 165<\/div>\n        <\/div>\n    [\/vc_column_text][vc_column_text]        <div class=\"contatti-sede\">\n            <div class=\"top\">\n                <img decoding=\"async\" src=\"\/wp-content\/uploads\/2023\/11\/sede-madrid.svg\">\n                <div>\n                    <div class=\"paese\">Espa\u00f1a<\/div>\n                    <h3 class=\"citta\">Madrid<\/h3>\n                <\/div>\n            <\/div>\n            <div class=\"via\">Calle Caleruega, 102 28033<\/div>\n        <\/div>\n    [\/vc_column_text][vc_column_text]        <div class=\"contatti-sede\">\n            <div class=\"top\">\n                <img decoding=\"async\" src=\"\/wp-content\/uploads\/2023\/11\/sede-parigi.svg\">\n                <div>\n                    <div class=\"paese\">Francia<\/div>\n                    <h3 class=\"citta\">Par\u00eds<\/h3>\n                <\/div>\n            <\/div>\n            <div class=\"via\">22 Rue De La Paix, 75002<\/div>\n        <\/div>\n    [\/vc_column_text][vc_column_text]        <div class=\"contatti-sede\">\n            <div class=\"top\">\n                <img decoding=\"async\" src=\"\/wp-content\/uploads\/2023\/11\/sede-friburgo.svg\">\n                <div>\n                    <div class=\"paese\">Suiza<\/div>\n                    <h3 class=\"citta\">Fribourg<\/h3>\n                <\/div>\n            <\/div>\n            <div class=\"via\">Route De La Fonderie 2 1700<\/div>\n        <\/div>\n    [\/vc_column_text][\/vc_column][\/vc_row][vc_row padding_top_multiplier=\u00bb\u00bb padding_bottom_multiplier=\u00bb\u00bb][vc_column]<div class=\"grve-empty-space grve-tablet-sm-column-hide grve-mobile-column-hide\" style=\"height: 120px;\"><\/div><div class=\"grve-empty-space grve-desktop-column-hide grve-tablet-column-hide\" style=\"height: 50px;\"><\/div>[\/vc_column][\/vc_row][vc_row bg_type=\u00bbcolor\u00bb padding_top_multiplier=\u00bb\u00bb padding_bottom_multiplier=\u00bb\u00bb bg_color=\u00bb#013a6f\u00bb el_class=\u00bbrow_max_width_1450px\u00bb section_id=\u00bbrow-contatti-blu\u00bb][vc_column]<div class=\"grve-empty-space grve-tablet-sm-column-hide grve-mobile-column-hide\" style=\"height: 45px;\"><\/div><div class=\"grve-empty-space grve-desktop-column-hide grve-tablet-column-hide\" style=\"height: 30px;\"><\/div><div class=\"grve-element grve-image il-gruppo-icon-img grve-align-center\" style=\"\">  <div class=\"grve-image-wrapper\"><img loading=\"lazy\" decoding=\"async\" width=\"96\" height=\"88\" src=\"https:\/\/www.multiserass.com\/wp-content\/uploads\/2023\/11\/contatti-icon.svg\" class=\"attachment-full size-full\" alt=\"\" \/>   <\/div><\/div><div class=\"grve-empty-space grve-tablet-sm-column-hide grve-mobile-column-hide\" style=\"height: 60px;\"><\/div><div class=\"grve-empty-space grve-desktop-column-hide grve-tablet-column-hide\" style=\"height: 30px;\"><\/div>[\/vc_column][vc_column width=\u00bb1\/2&#8243;][vc_column_text]<\/p>\n<p class=\"text_23_15 weight200 mobile_align_center\">Para MSA-Multi Serass, la satisfacci\u00f3n del cliente es lo principal.<\/p>\n<p>[\/vc_column_text][vc_column_text]<\/p>\n<p class=\"text_23_15 weight200 mobile_align_center\">Nos comprometemos d\u00eda a d\u00eda a garantizar la m\u00e1xima calidad en nuestras operaciones y, sobre todo, en nuestra relaci\u00f3n con todos los interlocutores, haciendo alarde de suma transparencia y profesionalidad.<\/p>\n<p>[\/vc_column_text][\/vc_column][vc_column width=\u00bb1\/2&#8243;]<div class=\"grve-empty-space grve-height-1x grve-desktop-column-hide grve-tablet-column-hide grve-tablet-sm-column-hide\" style=\"\"><\/div>[vc_column_text]<\/p>\n<p class=\"text_23_15 weight300 mobile_align_center\"><span class=\"weight500\">Para recibir informaci\u00f3n adicional sobre nuestros servicios comerciales, puede ponerse en contacto con nosotros por tel\u00e9fono, correo electr\u00f3nico o a trav\u00e9s de nuestra direcci\u00f3n de correo electr\u00f3nico certificada<\/span>.<br class=\"\" \/>Nuestros representantes responder\u00e1n a sus consultas en el menor tiempo posible.<\/p>\n<p>[\/vc_column_text][\/vc_column][vc_column]<div class=\"grve-empty-space grve-tablet-sm-column-hide grve-mobile-column-hide\" style=\"height: 70px;\"><\/div><div class=\"grve-empty-space grve-desktop-column-hide grve-tablet-column-hide\" style=\"height: 26px;\"><\/div>[\/vc_column][\/vc_row][vc_row padding_top_multiplier=\u00bb\u00bb padding_bottom_multiplier=\u00bb\u00bb][vc_column]<div class=\"grve-empty-space grve-tablet-sm-column-hide grve-mobile-column-hide\" style=\"height: 70px;\"><\/div><div class=\"grve-empty-space grve-desktop-column-hide grve-tablet-column-hide\" style=\"height: 50px;\"><\/div>[vc_column_text]<\/p>\n<p class=\"text_30_15 color_6F6F6F weight400 align_center\">MSA-Multi Serass<\/p>\n<p>[\/vc_column_text]<div class=\"grve-empty-space\" style=\"height: 10px;\"><\/div>[vc_column_text]<\/p>\n<h2 class=\"text_50_30 color_013A6F weight600 align_center\">NUESTROS CONTACTOS<\/h2>\n<p>[\/vc_column_text]<div class=\"grve-empty-space grve-tablet-sm-column-hide grve-mobile-column-hide\" style=\"height: 55px;\"><\/div><div class=\"grve-empty-space grve-desktop-column-hide grve-tablet-column-hide\" style=\"height: 10px;\"><\/div>[\/vc_column][\/vc_row][vc_row bg_type=\u00bbcolor\u00bb padding_top_multiplier=\u00bb\u00bb padding_bottom_multiplier=\u00bb\u00bb bg_color=\u00bb#f8f8f8&#8243;][vc_column]<div class=\"grve-empty-space grve-tablet-sm-column-hide grve-mobile-column-hide\" style=\"height: 75px;\"><\/div><div class=\"grve-empty-space grve-desktop-column-hide grve-tablet-column-hide\" style=\"height: 30px;\"><\/div>[vc_column_text]    <section class=\"splide\" id=\"contatti-splide\" aria-label=\"contatti\">\n        <div class=\"splide__arrows\">\n            <button class=\"splide__arrow splide__arrow--prev\">\n                <svg xmlns=\"http:\/\/www.w3.org\/2000\/svg\" viewBox=\"0 0 11.54 20.25\">\n                    <path id=\"Path_935\" data-name=\"Path 935\" d=\"M0,0,9.417,9.419,18.836,0\" transform=\"translate(10.833 0.707) rotate(90)\" fill=\"none\" stroke=\"#023a6f\" stroke-width=\"2\"\/>\n                <\/svg>\n            <\/button>\n            <button class=\"splide__arrow splide__arrow--next\">\n                <svg xmlns=\"http:\/\/www.w3.org\/2000\/svg\" viewBox=\"0 0 11.54 20.25\">\n                    <path id=\"Path_934\" data-name=\"Path 934\" d=\"M0,0,9.417,9.419,18.836,0\" transform=\"translate(0.707 19.543) rotate(-90)\" fill=\"none\" stroke=\"#023a6f\" stroke-width=\"2\"\/>\n                <\/svg>\n            <\/button>\n        <\/div>\n\n        <div class=\"splide__track\">\n            <ul class=\"splide__list\">\n                <li class=\"splide__slide\">\n                    <div class=\"contatti-slide\">\n                        <img decoding=\"async\" src=\"\/wp-content\/themes\/movedo-child\/assets_multiserass\/contatti-mail.svg\">\n                        <div class=\"text\">ESCR\u00cdBANOS<\/div>\n                        <a class=\"link\" href=\"mailto:info@multiserass.com\">info@multiserass.com<\/a>\n                    <\/div>\n                <\/li>    \n                <li class=\"splide__slide\">\n                    <div class=\"contatti-slide borders\">\n                        <img decoding=\"async\" src=\"\/wp-content\/themes\/movedo-child\/assets_multiserass\/contatti-tel.svg\">\n                        <div class=\"text\">LL\u00c1MENOS<\/div>\n                        <a class=\"link\" href=\"tel:+39024654741\">+39 02 4654741<\/a>\n                    <\/div>\n                <\/li>    \n                <li class=\"splide__slide\">\n                    <div class=\"contatti-slide\">\n                        <img decoding=\"async\" src=\"\/wp-content\/themes\/movedo-child\/assets_multiserass\/contatti-pec.svg\">\n                        <div class=\"text\">CONT\u00c1CTENOS<\/div>\n                        <a class=\"link\" href=\"mailto:msamilano@legalmail.it\">msamilano@legalmail.it<\/a>\n                    <\/div>\n                <\/li>                   \n            <\/ul>\n        <\/div>\n    <\/section>\n    [\/vc_column_text]<div class=\"grve-empty-space grve-tablet-sm-column-hide grve-mobile-column-hide\" style=\"height: 75px;\"><\/div><div class=\"grve-empty-space grve-desktop-column-hide grve-tablet-column-hide\" style=\"height: 30px;\"><\/div>[\/vc_column][\/vc_row]<\/p>\n<\/div>","protected":false},"excerpt":{"rendered":"<p>[vc_row padding_top_multiplier=\u00bb\u00bb padding_bottom_multiplier=\u00bb\u00bb][vc_column][vc_column_text] D\u00f3nde estamos [\/vc_column_text][vc_column_text] NUESTRAS SEDES [\/vc_column_text][vc_column_text] MSA-Multi Serass ha ampliado su \u00e1mbito de actuaci\u00f3n y su gama de servicios para dar un salto internacional, desempe\u00f1ando un papel importante en los principales mercados europeos. [\/vc_column_text][vc_raw_html el_class=\u00bbnomargin\u00bb]JTNDZGl2JTIwc3R5bGUlM0QlMjJoZWlnaHQlM0ElMjAxcHglM0IlMjBiYWNrZ3JvdW5kLWNvbG9yJTNBJTIwJTIzOUE5QTlBJTNCJTIwb3BhY2l0eSUzQSUyMDAuNyUyMiUzRSUzQyUyRmRpdiUzRQ==[\/vc_raw_html][\/vc_column][\/vc_row][vc_row padding_top_multiplier=\u00bb\u00bb padding_bottom_multiplier=\u00bb\u00bb section_id=\u00bbrow-sedi\u00bb][vc_column][vc_column_text][\/vc_column_text][vc_column_text][\/vc_column_text][vc_column_text][\/vc_column_text][vc_column_text][\/vc_column_text][\/vc_column][vc_column][vc_column_text css=\u00bb\u00bb][\/vc_column_text][vc_column_text][\/vc_column_text][vc_column_text][\/vc_column_text][vc_column_text][\/vc_column_text][\/vc_column][\/vc_row][vc_row padding_top_multiplier=\u00bb\u00bb padding_bottom_multiplier=\u00bb\u00bb][vc_column][\/vc_column][\/vc_row][vc_row bg_type=\u00bbcolor\u00bb padding_top_multiplier=\u00bb\u00bb padding_bottom_multiplier=\u00bb\u00bb bg_color=\u00bb#013a6f\u00bb el_class=\u00bbrow_max_width_1450px\u00bb section_id=\u00bbrow-contatti-blu\u00bb][vc_column][\/vc_column][vc_column width=\u00bb1\/2&#8243;][vc_column_text] Para MSA-Multi Serass, la [&hellip;]<\/p>\n","protected":false},"author":1,"featured_media":0,"parent":0,"menu_order":0,"comment_status":"closed","ping_status":"closed","template":"","meta":{"_acf_changed":false,"inline_featured_image":false,"_monsterinsights_skip_tracking":false,"_monsterinsights_sitenote_active":false,"_monsterinsights_sitenote_note":"","_monsterinsights_sitenote_category":0,"footnotes":""},"class_list":["post-1249","page","type-page","status-publish","hentry"],"acf":[],"yoast_head":"<!-- This site is optimized with the Yoast SEO plugin v27.4 - https:\/\/yoast.com\/product\/yoast-seo-wordpress\/ -->\n<title>Contactos - Multiserass<\/title>\n<meta name=\"robots\" content=\"index, follow, max-snippet:-1, max-image-preview:large, max-video-preview:-1\" \/>\n<link rel=\"canonical\" href=\"https:\/\/www.multiserass.com\/es\/contactos\/\" \/>\n<meta property=\"og:locale\" content=\"es_ES\" \/>\n<meta property=\"og:type\" content=\"article\" \/>\n<meta property=\"og:title\" content=\"Contactos - Multiserass\" \/>\n<meta property=\"og:description\" content=\"[vc_row padding_top_multiplier=\u00bb\u00bb padding_bottom_multiplier=\u00bb\u00bb][vc_column][vc_column_text] D\u00f3nde estamos [\/vc_column_text][vc_column_text] NUESTRAS SEDES [\/vc_column_text][vc_column_text] MSA-Multi Serass ha ampliado su \u00e1mbito de actuaci\u00f3n y su gama de servicios para dar un salto internacional, desempe\u00f1ando un papel importante en los principales mercados europeos. [\/vc_column_text][vc_raw_html el_class=\u00bbnomargin\u00bb]JTNDZGl2JTIwc3R5bGUlM0QlMjJoZWlnaHQlM0ElMjAxcHglM0IlMjBiYWNrZ3JvdW5kLWNvbG9yJTNBJTIwJTIzOUE5QTlBJTNCJTIwb3BhY2l0eSUzQSUyMDAuNyUyMiUzRSUzQyUyRmRpdiUzRQ==[\/vc_raw_html][\/vc_column][\/vc_row][vc_row padding_top_multiplier=\u00bb\u00bb padding_bottom_multiplier=\u00bb\u00bb section_id=\u00bbrow-sedi\u00bb][vc_column][vc_column_text][\/vc_column_text][vc_column_text][\/vc_column_text][vc_column_text][\/vc_column_text][vc_column_text][\/vc_column_text][\/vc_column][vc_column][vc_column_text css=\u00bb\u00bb][\/vc_column_text][vc_column_text][\/vc_column_text][vc_column_text][\/vc_column_text][vc_column_text][\/vc_column_text][\/vc_column][\/vc_row][vc_row padding_top_multiplier=\u00bb\u00bb padding_bottom_multiplier=\u00bb\u00bb][vc_column][\/vc_column][\/vc_row][vc_row bg_type=\u00bbcolor\u00bb padding_top_multiplier=\u00bb\u00bb padding_bottom_multiplier=\u00bb\u00bb bg_color=\u00bb#013a6f\u00bb el_class=\u00bbrow_max_width_1450px\u00bb section_id=\u00bbrow-contatti-blu\u00bb][vc_column][\/vc_column][vc_column width=\u00bb1\/2&#8243;][vc_column_text] Para MSA-Multi Serass, la [&hellip;]\" \/>\n<meta property=\"og:url\" content=\"https:\/\/www.multiserass.com\/es\/contactos\/\" \/>\n<meta property=\"og:site_name\" content=\"Multiserass\" \/>\n<meta property=\"article:modified_time\" content=\"2026-01-20T11:08:17+00:00\" \/>\n<meta name=\"twitter:card\" content=\"summary_large_image\" \/>\n<meta name=\"twitter:label1\" content=\"Tiempo de lectura\" \/>\n\t<meta name=\"twitter:data1\" content=\"2 minutos\" \/>\n<script type=\"application\/ld+json\" class=\"yoast-schema-graph\">{\"@context\":\"https:\\\/\\\/schema.org\",\"@graph\":[{\"@type\":\"WebPage\",\"@id\":\"https:\\\/\\\/www.multiserass.com\\\/es\\\/contactos\\\/\",\"url\":\"https:\\\/\\\/www.multiserass.com\\\/es\\\/contactos\\\/\",\"name\":\"Contactos - Multiserass\",\"isPartOf\":{\"@id\":\"https:\\\/\\\/www.multiserass.com\\\/es\\\/#website\"},\"datePublished\":\"2023-11-13T17:08:35+00:00\",\"dateModified\":\"2026-01-20T11:08:17+00:00\",\"breadcrumb\":{\"@id\":\"https:\\\/\\\/www.multiserass.com\\\/es\\\/contactos\\\/#breadcrumb\"},\"inLanguage\":\"es\",\"potentialAction\":[{\"@type\":\"ReadAction\",\"target\":[\"https:\\\/\\\/www.multiserass.com\\\/es\\\/contactos\\\/\"]}]},{\"@type\":\"BreadcrumbList\",\"@id\":\"https:\\\/\\\/www.multiserass.com\\\/es\\\/contactos\\\/#breadcrumb\",\"itemListElement\":[{\"@type\":\"ListItem\",\"position\":1,\"name\":\"Home\",\"item\":\"https:\\\/\\\/www.multiserass.com\\\/es\\\/\"},{\"@type\":\"ListItem\",\"position\":2,\"name\":\"Contactos\"}]},{\"@type\":\"WebSite\",\"@id\":\"https:\\\/\\\/www.multiserass.com\\\/es\\\/#website\",\"url\":\"https:\\\/\\\/www.multiserass.com\\\/es\\\/\",\"name\":\"Multiserass\",\"description\":\"\",\"potentialAction\":[{\"@type\":\"SearchAction\",\"target\":{\"@type\":\"EntryPoint\",\"urlTemplate\":\"https:\\\/\\\/www.multiserass.com\\\/es\\\/?s={search_term_string}\"},\"query-input\":{\"@type\":\"PropertyValueSpecification\",\"valueRequired\":true,\"valueName\":\"search_term_string\"}}],\"inLanguage\":\"es\"}]}<\/script>\n<!-- \/ Yoast SEO plugin. -->","yoast_head_json":{"title":"Contactos - Multiserass","robots":{"index":"index","follow":"follow","max-snippet":"max-snippet:-1","max-image-preview":"max-image-preview:large","max-video-preview":"max-video-preview:-1"},"canonical":"https:\/\/www.multiserass.com\/es\/contactos\/","og_locale":"es_ES","og_type":"article","og_title":"Contactos - Multiserass","og_description":"[vc_row padding_top_multiplier=\u00bb\u00bb padding_bottom_multiplier=\u00bb\u00bb][vc_column][vc_column_text] D\u00f3nde estamos [\/vc_column_text][vc_column_text] NUESTRAS SEDES [\/vc_column_text][vc_column_text] MSA-Multi Serass ha ampliado su \u00e1mbito de actuaci\u00f3n y su gama de servicios para dar un salto internacional, desempe\u00f1ando un papel importante en los principales mercados europeos. [\/vc_column_text][vc_raw_html el_class=\u00bbnomargin\u00bb]JTNDZGl2JTIwc3R5bGUlM0QlMjJoZWlnaHQlM0ElMjAxcHglM0IlMjBiYWNrZ3JvdW5kLWNvbG9yJTNBJTIwJTIzOUE5QTlBJTNCJTIwb3BhY2l0eSUzQSUyMDAuNyUyMiUzRSUzQyUyRmRpdiUzRQ==[\/vc_raw_html][\/vc_column][\/vc_row][vc_row padding_top_multiplier=\u00bb\u00bb padding_bottom_multiplier=\u00bb\u00bb section_id=\u00bbrow-sedi\u00bb][vc_column][vc_column_text][\/vc_column_text][vc_column_text][\/vc_column_text][vc_column_text][\/vc_column_text][vc_column_text][\/vc_column_text][\/vc_column][vc_column][vc_column_text css=\u00bb\u00bb][\/vc_column_text][vc_column_text][\/vc_column_text][vc_column_text][\/vc_column_text][vc_column_text][\/vc_column_text][\/vc_column][\/vc_row][vc_row padding_top_multiplier=\u00bb\u00bb padding_bottom_multiplier=\u00bb\u00bb][vc_column][\/vc_column][\/vc_row][vc_row bg_type=\u00bbcolor\u00bb padding_top_multiplier=\u00bb\u00bb padding_bottom_multiplier=\u00bb\u00bb bg_color=\u00bb#013a6f\u00bb el_class=\u00bbrow_max_width_1450px\u00bb section_id=\u00bbrow-contatti-blu\u00bb][vc_column][\/vc_column][vc_column width=\u00bb1\/2&#8243;][vc_column_text] Para MSA-Multi Serass, la [&hellip;]","og_url":"https:\/\/www.multiserass.com\/es\/contactos\/","og_site_name":"Multiserass","article_modified_time":"2026-01-20T11:08:17+00:00","twitter_card":"summary_large_image","twitter_misc":{"Tiempo de lectura":"2 minutos"},"schema":{"@context":"https:\/\/schema.org","@graph":[{"@type":"WebPage","@id":"https:\/\/www.multiserass.com\/es\/contactos\/","url":"https:\/\/www.multiserass.com\/es\/contactos\/","name":"Contactos - Multiserass","isPartOf":{"@id":"https:\/\/www.multiserass.com\/es\/#website"},"datePublished":"2023-11-13T17:08:35+00:00","dateModified":"2026-01-20T11:08:17+00:00","breadcrumb":{"@id":"https:\/\/www.multiserass.com\/es\/contactos\/#breadcrumb"},"inLanguage":"es","potentialAction":[{"@type":"ReadAction","target":["https:\/\/www.multiserass.com\/es\/contactos\/"]}]},{"@type":"BreadcrumbList","@id":"https:\/\/www.multiserass.com\/es\/contactos\/#breadcrumb","itemListElement":[{"@type":"ListItem","position":1,"name":"Home","item":"https:\/\/www.multiserass.com\/es\/"},{"@type":"ListItem","position":2,"name":"Contactos"}]},{"@type":"WebSite","@id":"https:\/\/www.multiserass.com\/es\/#website","url":"https:\/\/www.multiserass.com\/es\/","name":"Multiserass","description":"","potentialAction":[{"@type":"SearchAction","target":{"@type":"EntryPoint","urlTemplate":"https:\/\/www.multiserass.com\/es\/?s={search_term_string}"},"query-input":{"@type":"PropertyValueSpecification","valueRequired":true,"valueName":"search_term_string"}}],"inLanguage":"es"}]}},"_links":{"self":[{"href":"https:\/\/www.multiserass.com\/es\/wp-json\/wp\/v2\/pages\/1249","targetHints":{"allow":["GET"]}}],"collection":[{"href":"https:\/\/www.multiserass.com\/es\/wp-json\/wp\/v2\/pages"}],"about":[{"href":"https:\/\/www.multiserass.com\/es\/wp-json\/wp\/v2\/types\/page"}],"author":[{"embeddable":true,"href":"https:\/\/www.multiserass.com\/es\/wp-json\/wp\/v2\/users\/1"}],"replies":[{"embeddable":true,"href":"https:\/\/www.multiserass.com\/es\/wp-json\/wp\/v2\/comments?post=1249"}],"version-history":[{"count":4,"href":"https:\/\/www.multiserass.com\/es\/wp-json\/wp\/v2\/pages\/1249\/revisions"}],"predecessor-version":[{"id":1801,"href":"https:\/\/www.multiserass.com\/es\/wp-json\/wp\/v2\/pages\/1249\/revisions\/1801"}],"wp:attachment":[{"href":"https:\/\/www.multiserass.com\/es\/wp-json\/wp\/v2\/media?parent=1249"}],"curies":[{"name":"wp","href":"https:\/\/api.w.org\/{rel}","templated":true}]}}